{"id":1085,"date":"2024-06-28T17:25:52","date_gmt":"2024-06-28T17:25:52","guid":{"rendered":"https:\/\/www.lunaventura.com.ar\/?page_id=1085"},"modified":"2026-02-24T19:14:17","modified_gmt":"2026-02-24T19:14:17","slug":"clases-de-teatro","status":"publish","type":"page","link":"https:\/\/www.lunaventura.com.ar\/?page_id=1085","title":{"rendered":"CLASES DE TEATRO"},"content":{"rendered":"<div class=\"wp-block-image\">\n<figure class=\"aligncenter size-full is-resized\"><a href=\"https:\/\/i0.wp.com\/www.lunaventura.com.ar\/wp-content\/uploads\/2024\/06\/INFINITO-ROJO_20240418_142955_0003.png\"><img data-recalc-dims=\"1\" loading=\"lazy\" decoding=\"async\" width=\"500\" height=\"500\" data-attachment-id=\"1092\" data-permalink=\"https:\/\/www.lunaventura.com.ar\/?attachment_id=1092\" data-orig-file=\"https:\/\/i0.wp.com\/www.lunaventura.com.ar\/wp-content\/uploads\/2024\/06\/INFINITO-ROJO_20240418_142955_0003.png?fit=500%2C500&amp;ssl=1\" data-orig-size=\"500,500\" data-comments-opened=\"1\" data-image-meta=\"{&quot;aperture&quot;:&quot;0&quot;,&quot;credit&quot;:&quot;&quot;,&quot;camera&quot;:&quot;&quot;,&quot;caption&quot;:&quot;&quot;,&quot;created_timestamp&quot;:&quot;0&quot;,&quot;copyright&quot;:&quot;&quot;,&quot;focal_length&quot;:&quot;0&quot;,&quot;iso&quot;:&quot;0&quot;,&quot;shutter_speed&quot;:&quot;0&quot;,&quot;title&quot;:&quot;&quot;,&quot;orientation&quot;:&quot;0&quot;}\" data-image-title=\"INFINITO ROJO_20240418_142955_0003\" data-image-description=\"\" data-image-caption=\"\" data-medium-file=\"https:\/\/i0.wp.com\/www.lunaventura.com.ar\/wp-content\/uploads\/2024\/06\/INFINITO-ROJO_20240418_142955_0003.png?fit=300%2C300&amp;ssl=1\" data-large-file=\"https:\/\/i0.wp.com\/www.lunaventura.com.ar\/wp-content\/uploads\/2024\/06\/INFINITO-ROJO_20240418_142955_0003.png?fit=500%2C500&amp;ssl=1\" src=\"https:\/\/i0.wp.com\/www.lunaventura.com.ar\/wp-content\/uploads\/2024\/06\/INFINITO-ROJO_20240418_142955_0003.png?resize=500%2C500\" alt=\"\" class=\"wp-image-1092\" style=\"width:178px;height:auto\" srcset=\"https:\/\/i0.wp.com\/www.lunaventura.com.ar\/wp-content\/uploads\/2024\/06\/INFINITO-ROJO_20240418_142955_0003.png?w=500&amp;ssl=1 500w, https:\/\/i0.wp.com\/www.lunaventura.com.ar\/wp-content\/uploads\/2024\/06\/INFINITO-ROJO_20240418_142955_0003.png?resize=300%2C300&amp;ssl=1 300w, https:\/\/i0.wp.com\/www.lunaventura.com.ar\/wp-content\/uploads\/2024\/06\/INFINITO-ROJO_20240418_142955_0003.png?resize=150%2C150&amp;ssl=1 150w, https:\/\/i0.wp.com\/www.lunaventura.com.ar\/wp-content\/uploads\/2024\/06\/INFINITO-ROJO_20240418_142955_0003.png?resize=184%2C184&amp;ssl=1 184w\" sizes=\"auto, (max-width: 500px) 100vw, 500px\" \/><\/a><\/figure>\n<\/div>\n\n<div class=\"wp-block-image\">\n<figure class=\"aligncenter size-large is-resized\"><a href=\"https:\/\/i0.wp.com\/www.lunaventura.com.ar\/wp-content\/uploads\/2026\/02\/Taller-de-teatro-2026-Post-para-Instagram.png?ssl=1\"><img data-recalc-dims=\"1\" loading=\"lazy\" decoding=\"async\" width=\"819\" height=\"1024\" data-attachment-id=\"1186\" data-permalink=\"https:\/\/www.lunaventura.com.ar\/?attachment_id=1186\" data-orig-file=\"https:\/\/i0.wp.com\/www.lunaventura.com.ar\/wp-content\/uploads\/2026\/02\/Taller-de-teatro-2026-Post-para-Instagram.png?fit=1080%2C1350&amp;ssl=1\" data-orig-size=\"1080,1350\" data-comments-opened=\"1\" data-image-meta=\"{&quot;aperture&quot;:&quot;0&quot;,&quot;credit&quot;:&quot;&quot;,&quot;camera&quot;:&quot;&quot;,&quot;caption&quot;:&quot;&quot;,&quot;created_timestamp&quot;:&quot;0&quot;,&quot;copyright&quot;:&quot;&quot;,&quot;focal_length&quot;:&quot;0&quot;,&quot;iso&quot;:&quot;0&quot;,&quot;shutter_speed&quot;:&quot;0&quot;,&quot;title&quot;:&quot;&quot;,&quot;orientation&quot;:&quot;0&quot;}\" data-image-title=\"Taller de teatro 2026 (Post para Instagram\" data-image-description=\"\" data-image-caption=\"\" data-medium-file=\"https:\/\/i0.wp.com\/www.lunaventura.com.ar\/wp-content\/uploads\/2026\/02\/Taller-de-teatro-2026-Post-para-Instagram.png?fit=240%2C300&amp;ssl=1\" data-large-file=\"https:\/\/i0.wp.com\/www.lunaventura.com.ar\/wp-content\/uploads\/2026\/02\/Taller-de-teatro-2026-Post-para-Instagram.png?fit=819%2C1024&amp;ssl=1\" src=\"https:\/\/i0.wp.com\/www.lunaventura.com.ar\/wp-content\/uploads\/2026\/02\/Taller-de-teatro-2026-Post-para-Instagram-819x1024.png?resize=819%2C1024&#038;ssl=1\" alt=\"\" class=\"wp-image-1186\" style=\"aspect-ratio:0.7998081483652641;width:354px;height:auto\" srcset=\"https:\/\/i0.wp.com\/www.lunaventura.com.ar\/wp-content\/uploads\/2026\/02\/Taller-de-teatro-2026-Post-para-Instagram.png?resize=819%2C1024&amp;ssl=1 819w, https:\/\/i0.wp.com\/www.lunaventura.com.ar\/wp-content\/uploads\/2026\/02\/Taller-de-teatro-2026-Post-para-Instagram.png?resize=240%2C300&amp;ssl=1 240w, https:\/\/i0.wp.com\/www.lunaventura.com.ar\/wp-content\/uploads\/2026\/02\/Taller-de-teatro-2026-Post-para-Instagram.png?resize=768%2C960&amp;ssl=1 768w, https:\/\/i0.wp.com\/www.lunaventura.com.ar\/wp-content\/uploads\/2026\/02\/Taller-de-teatro-2026-Post-para-Instagram.png?w=1080&amp;ssl=1 1080w\" sizes=\"auto, (max-width: 819px) 100vw, 819px\" \/><\/a><\/figure>\n<\/div>\n\n\n<p>Trabajamos desde el teatro f\u00edsico y el teatro de creaci\u00f3n, investigando el movimiento, la acci\u00f3n, la improvisaci\u00f3n y la construcci\u00f3n de escenas propias, tanto individuales como grupales.<\/p>\n\n\n\n<p>| Taller de Teatro | 2026 | Prof. Luna Ventura<br>Clases regulares- Marzo a diciembre.<br>Un espacio de exploraci\u00f3n, juego y composici\u00f3n esc\u00e9nica, donde el cuerpo, la imaginaci\u00f3n y la presencia son el motor de la creaci\u00f3n.<\/p>\n\n\n\n<p>\ud83d\udd39 Grupo con experiencia<br>\ud83d\udcc5 Lunes \u00b7 18 a 20 hs<br>Orientado a quienes ya transitaron procesos teatrales y desean profundizar su lenguaje esc\u00e9nico, su expresividad corporal y su b\u00fasqueda creativa.<\/p>\n\n\n\n<p>\ud83d\udd39 Grupo sin experiencia previa<br>\ud83d\udcc5 Jueves \u00b7 18:15 a 20 hs<br>Un espacio cuidado y l\u00fadico para dar los primeros pasos en el teatro, desarrollar la confianza, la presencia esc\u00e9nica y el disfrute del juego teatral.<\/p>\n\n\n\n<p>\u00bfD\u00f3nde? En Leandro Alem 6860, Martin Coronado, Partido de 3 de Febrero.<br>Info + Inscripciones<br>54 911 6734 8175<br>INFINITO ROJO TEATRO<br><a href=\"https:\/\/www.instagram.com\/tranka_pikante\/?hl=es\">@tranka_pikante<\/a><br><a href=\"https:\/\/www.instagram.com\/fundacioncomaco\/?hl=es\">@fundacioncomaco<\/a><\/p>\n\n\n\n<figure class=\"wp-block-embed is-type-video is-provider-youtube wp-block-embed-youtube wp-embed-aspect-16-9 wp-has-aspect-ratio\"><div class=\"wp-block-embed__wrapper\">\n<span class=\"embed-youtube\" style=\"text-align:center; display: block;\"><iframe loading=\"lazy\" class=\"youtube-player\" width=\"640\" height=\"360\" src=\"https:\/\/www.youtube.com\/embed\/WRv35Ut6QIk?version=3&#038;rel=1&#038;showsearch=0&#038;showinfo=1&#038;iv_load_policy=1&#038;fs=1&#038;hl=es-ES&#038;autohide=2&#038;wmode=transparent\" allowfullscreen=\"true\" style=\"border:0;\" sandbox=\"allow-scripts allow-same-origin allow-popups allow-presentation allow-popups-to-escape-sandbox\"><\/iframe><\/span>\n<\/div><figcaption class=\"wp-element-caption\">TALLER DE TEATRO<\/figcaption><\/figure>\n\n\n\n<p>Un taller para conectar con el cuerpo, la emoci\u00f3n, la creatividad y el placer de crear en escena.<\/p>\n\n\n\n<p><\/p>\n","protected":false},"excerpt":{"rendered":"<p>Trabajamos desde el teatro f\u00edsico y el teatro de creaci\u00f3n, investigando el movimiento, la acci\u00f3n, la improvisaci\u00f3n y la construcci\u00f3n de escenas propias, tanto individuales como grupales. | Taller de Teatro | 2026 | Prof. Luna VenturaClases regulares- Marzo a diciembre.Un espacio de exploraci\u00f3n, juego y composici\u00f3n esc\u00e9nica, donde el cuerpo, la imaginaci\u00f3n y la [&hellip;]<\/p>\n","protected":false},"author":2,"featured_media":0,"parent":0,"menu_order":0,"comment_status":"closed","ping_status":"closed","template":"","meta":{"jetpack_post_was_ever_published":false,"footnotes":""},"class_list":["post-1085","page","type-page","status-publish","hentry"],"jetpack_shortlink":"https:\/\/wp.me\/P4bMP7-hv","jetpack_sharing_enabled":true,"jetpack_likes_enabled":true,"_links":{"self":[{"href":"https:\/\/www.lunaventura.com.ar\/index.php?rest_route=\/wp\/v2\/pages\/1085","targetHints":{"allow":["GET"]}}],"collection":[{"href":"https:\/\/www.lunaventura.com.ar\/index.php?rest_route=\/wp\/v2\/pages"}],"about":[{"href":"https:\/\/www.lunaventura.com.ar\/index.php?rest_route=\/wp\/v2\/types\/page"}],"author":[{"embeddable":true,"href":"https:\/\/www.lunaventura.com.ar\/index.php?rest_route=\/wp\/v2\/users\/2"}],"replies":[{"embeddable":true,"href":"https:\/\/www.lunaventura.com.ar\/index.php?rest_route=%2Fwp%2Fv2%2Fcomments&post=1085"}],"version-history":[{"count":7,"href":"https:\/\/www.lunaventura.com.ar\/index.php?rest_route=\/wp\/v2\/pages\/1085\/revisions"}],"predecessor-version":[{"id":1192,"href":"https:\/\/www.lunaventura.com.ar\/index.php?rest_route=\/wp\/v2\/pages\/1085\/revisions\/1192"}],"wp:attachment":[{"href":"https:\/\/www.lunaventura.com.ar\/index.php?rest_route=%2Fwp%2Fv2%2Fmedia&parent=1085"}],"curies":[{"name":"wp","href":"https:\/\/api.w.org\/{rel}","templated":true}]}}