{"id":1105,"date":"2024-06-28T17:52:21","date_gmt":"2024-06-28T17:52:21","guid":{"rendered":"https:\/\/www.lunaventura.com.ar\/?page_id=1105"},"modified":"2024-06-28T17:56:29","modified_gmt":"2024-06-28T17:56:29","slug":"un-viaje","status":"publish","type":"page","link":"https:\/\/www.lunaventura.com.ar\/?page_id=1105","title":{"rendered":"Obra: UN VIAJE"},"content":{"rendered":"\n<hr class=\"wp-block-separator has-alpha-channel-opacity\"\/>\n\n\n\n<p>Unipersonal<\/p>\n\n\n\n<p>De la payasa Tranka Pikante<\/p>\n\n\n\n<p>de y por Luna Ventura<\/p>\n\n\n<div class=\"wp-block-image\">\n<figure class=\"aligncenter size-large is-resized\"><a href=\"https:\/\/i0.wp.com\/www.lunaventura.com.ar\/wp-content\/uploads\/2024\/06\/3.El-viaje-de-Tranka-Pikante.-Luna-Ventura-scaled.jpg?ssl=1\"><img data-recalc-dims=\"1\" loading=\"lazy\" decoding=\"async\" width=\"1024\" height=\"1024\" data-attachment-id=\"1107\" data-permalink=\"https:\/\/www.lunaventura.com.ar\/?attachment_id=1107\" data-orig-file=\"https:\/\/i0.wp.com\/www.lunaventura.com.ar\/wp-content\/uploads\/2024\/06\/3.El-viaje-de-Tranka-Pikante.-Luna-Ventura-scaled.jpg?fit=2560%2C2560&amp;ssl=1\" data-orig-size=\"2560,2560\" data-comments-opened=\"1\" data-image-meta=\"{&quot;aperture&quot;:&quot;1.8&quot;,&quot;credit&quot;:&quot;&quot;,&quot;camera&quot;:&quot;SM-G780G&quot;,&quot;caption&quot;:&quot;&quot;,&quot;created_timestamp&quot;:&quot;1710939175&quot;,&quot;copyright&quot;:&quot;&quot;,&quot;focal_length&quot;:&quot;5.4&quot;,&quot;iso&quot;:&quot;1000&quot;,&quot;shutter_speed&quot;:&quot;0.04&quot;,&quot;title&quot;:&quot;&quot;,&quot;orientation&quot;:&quot;1&quot;}\" data-image-title=\"3.El-viaje-de-Tranka-Pikante.-Luna-Ventura\" data-image-description=\"\" data-image-caption=\"\" data-medium-file=\"https:\/\/i0.wp.com\/www.lunaventura.com.ar\/wp-content\/uploads\/2024\/06\/3.El-viaje-de-Tranka-Pikante.-Luna-Ventura-scaled.jpg?fit=300%2C300&amp;ssl=1\" data-large-file=\"https:\/\/i0.wp.com\/www.lunaventura.com.ar\/wp-content\/uploads\/2024\/06\/3.El-viaje-de-Tranka-Pikante.-Luna-Ventura-scaled.jpg?fit=1024%2C1024&amp;ssl=1\" src=\"https:\/\/i0.wp.com\/www.lunaventura.com.ar\/wp-content\/uploads\/2024\/06\/3.El-viaje-de-Tranka-Pikante.-Luna-Ventura-1024x1024.jpg?resize=1024%2C1024&#038;ssl=1\" alt=\"\" class=\"wp-image-1107\" style=\"width:585px;height:auto\" srcset=\"https:\/\/i0.wp.com\/www.lunaventura.com.ar\/wp-content\/uploads\/2024\/06\/3.El-viaje-de-Tranka-Pikante.-Luna-Ventura-scaled.jpg?resize=1024%2C1024&amp;ssl=1 1024w, https:\/\/i0.wp.com\/www.lunaventura.com.ar\/wp-content\/uploads\/2024\/06\/3.El-viaje-de-Tranka-Pikante.-Luna-Ventura-scaled.jpg?resize=300%2C300&amp;ssl=1 300w, https:\/\/i0.wp.com\/www.lunaventura.com.ar\/wp-content\/uploads\/2024\/06\/3.El-viaje-de-Tranka-Pikante.-Luna-Ventura-scaled.jpg?resize=150%2C150&amp;ssl=1 150w, https:\/\/i0.wp.com\/www.lunaventura.com.ar\/wp-content\/uploads\/2024\/06\/3.El-viaje-de-Tranka-Pikante.-Luna-Ventura-scaled.jpg?resize=768%2C768&amp;ssl=1 768w, https:\/\/i0.wp.com\/www.lunaventura.com.ar\/wp-content\/uploads\/2024\/06\/3.El-viaje-de-Tranka-Pikante.-Luna-Ventura-scaled.jpg?resize=1536%2C1536&amp;ssl=1 1536w, https:\/\/i0.wp.com\/www.lunaventura.com.ar\/wp-content\/uploads\/2024\/06\/3.El-viaje-de-Tranka-Pikante.-Luna-Ventura-scaled.jpg?resize=2048%2C2048&amp;ssl=1 2048w, https:\/\/i0.wp.com\/www.lunaventura.com.ar\/wp-content\/uploads\/2024\/06\/3.El-viaje-de-Tranka-Pikante.-Luna-Ventura-scaled.jpg?resize=184%2C184&amp;ssl=1 184w\" sizes=\"auto, (max-width: 1000px) 100vw, 1000px\" \/><\/a><\/figure>\n<\/div>\n\n\n<p class=\"has-text-align-center\">Duraci\u00f3n: 15 minutos<\/p>\n\n\n\n<p class=\"has-text-align-center\">Apta a todo p\u00fablico -ATP<\/p>\n\n\n\n<p class=\"has-text-align-center\">G\u00e9nero:&nbsp; Unipersonal de CLOWN Y T\u00cdTERE<\/p>\n\n\n\n<p><\/p>\n\n\n<div class=\"wp-block-image\">\n<figure class=\"aligncenter size-large is-resized\"><a href=\"https:\/\/i0.wp.com\/www.lunaventura.com.ar\/wp-content\/uploads\/2024\/06\/5.El-viaje-de-Tranka-Pikante.Luna-Ventura-scaled.jpg?ssl=1\"><img data-recalc-dims=\"1\" loading=\"lazy\" decoding=\"async\" width=\"1024\" height=\"1024\" data-attachment-id=\"1108\" data-permalink=\"https:\/\/www.lunaventura.com.ar\/?attachment_id=1108\" data-orig-file=\"https:\/\/i0.wp.com\/www.lunaventura.com.ar\/wp-content\/uploads\/2024\/06\/5.El-viaje-de-Tranka-Pikante.Luna-Ventura-scaled.jpg?fit=2560%2C2560&amp;ssl=1\" data-orig-size=\"2560,2560\" data-comments-opened=\"1\" data-image-meta=\"{&quot;aperture&quot;:&quot;1.8&quot;,&quot;credit&quot;:&quot;&quot;,&quot;camera&quot;:&quot;SM-G780G&quot;,&quot;caption&quot;:&quot;&quot;,&quot;created_timestamp&quot;:&quot;1710939317&quot;,&quot;copyright&quot;:&quot;&quot;,&quot;focal_length&quot;:&quot;5.4&quot;,&quot;iso&quot;:&quot;1250&quot;,&quot;shutter_speed&quot;:&quot;0.04&quot;,&quot;title&quot;:&quot;&quot;,&quot;orientation&quot;:&quot;1&quot;}\" data-image-title=\"5.El-viaje-de-Tranka-Pikante.Luna-Ventura\" data-image-description=\"\" data-image-caption=\"\" data-medium-file=\"https:\/\/i0.wp.com\/www.lunaventura.com.ar\/wp-content\/uploads\/2024\/06\/5.El-viaje-de-Tranka-Pikante.Luna-Ventura-scaled.jpg?fit=300%2C300&amp;ssl=1\" data-large-file=\"https:\/\/i0.wp.com\/www.lunaventura.com.ar\/wp-content\/uploads\/2024\/06\/5.El-viaje-de-Tranka-Pikante.Luna-Ventura-scaled.jpg?fit=1024%2C1024&amp;ssl=1\" src=\"https:\/\/i0.wp.com\/www.lunaventura.com.ar\/wp-content\/uploads\/2024\/06\/5.El-viaje-de-Tranka-Pikante.Luna-Ventura-1024x1024.jpg?resize=1024%2C1024&#038;ssl=1\" alt=\"\" class=\"wp-image-1108\" style=\"width:452px;height:auto\" srcset=\"https:\/\/i0.wp.com\/www.lunaventura.com.ar\/wp-content\/uploads\/2024\/06\/5.El-viaje-de-Tranka-Pikante.Luna-Ventura-scaled.jpg?resize=1024%2C1024&amp;ssl=1 1024w, https:\/\/i0.wp.com\/www.lunaventura.com.ar\/wp-content\/uploads\/2024\/06\/5.El-viaje-de-Tranka-Pikante.Luna-Ventura-scaled.jpg?resize=300%2C300&amp;ssl=1 300w, https:\/\/i0.wp.com\/www.lunaventura.com.ar\/wp-content\/uploads\/2024\/06\/5.El-viaje-de-Tranka-Pikante.Luna-Ventura-scaled.jpg?resize=150%2C150&amp;ssl=1 150w, https:\/\/i0.wp.com\/www.lunaventura.com.ar\/wp-content\/uploads\/2024\/06\/5.El-viaje-de-Tranka-Pikante.Luna-Ventura-scaled.jpg?resize=768%2C768&amp;ssl=1 768w, https:\/\/i0.wp.com\/www.lunaventura.com.ar\/wp-content\/uploads\/2024\/06\/5.El-viaje-de-Tranka-Pikante.Luna-Ventura-scaled.jpg?resize=1536%2C1536&amp;ssl=1 1536w, https:\/\/i0.wp.com\/www.lunaventura.com.ar\/wp-content\/uploads\/2024\/06\/5.El-viaje-de-Tranka-Pikante.Luna-Ventura-scaled.jpg?resize=2048%2C2048&amp;ssl=1 2048w, https:\/\/i0.wp.com\/www.lunaventura.com.ar\/wp-content\/uploads\/2024\/06\/5.El-viaje-de-Tranka-Pikante.Luna-Ventura-scaled.jpg?resize=184%2C184&amp;ssl=1 184w\" sizes=\"auto, (max-width: 1000px) 100vw, 1000px\" \/><\/a><\/figure>\n<\/div>\n\n\n<p><\/p>\n\n\n\n<hr class=\"wp-block-separator has-alpha-channel-opacity\"\/>\n\n\n\n<p><strong>SINOPSIS:\u00a0<\/strong>La\u00a0 payasa Tranka con mucha ilusi\u00f3n se decide a realizar ese viaje so\u00f1ado y eternamente postergado pero la partida no le resulta tan f\u00e1cil ni tan liviana como pensaba. Sus\u00a0expectativas\u00a0\u00a0y sus deseos contrastan con la dificultad y el kaos de aquello que debe dejar al partir. <\/p>\n\n\n\n<p>Sin embargo el destino tiene otros planes y Tranka deber\u00e1 enfrentarse a lo inesperado, tratando de sobrevivir a las circunstancias.<\/p>\n\n\n\n<p>Un n\u00famero de Clown y t\u00edteres que abordan de forma po\u00e9tica y con humor los sue\u00f1os postergados, la tragedia de la existencia y su duraci\u00f3n.&nbsp;<\/p>\n\n\n\n<hr class=\"wp-block-separator has-alpha-channel-opacity\"\/>\n","protected":false},"excerpt":{"rendered":"<p>Unipersonal De la payasa Tranka Pikante de y por Luna Ventura Duraci\u00f3n: 15 minutos Apta a todo p\u00fablico -ATP G\u00e9nero:&nbsp; Unipersonal de CLOWN Y T\u00cdTERE SINOPSIS:\u00a0La\u00a0 payasa Tranka con mucha ilusi\u00f3n se decide a realizar ese viaje so\u00f1ado y eternamente postergado pero la partida no le resulta tan f\u00e1cil ni tan liviana como pensaba. Sus\u00a0expectativas\u00a0\u00a0y [&hellip;]<\/p>\n","protected":false},"author":2,"featured_media":0,"parent":0,"menu_order":0,"comment_status":"closed","ping_status":"closed","template":"","meta":{"jetpack_post_was_ever_published":false,"footnotes":""},"class_list":["post-1105","page","type-page","status-publish","hentry"],"jetpack_shortlink":"https:\/\/wp.me\/P4bMP7-hP","jetpack_sharing_enabled":true,"jetpack_likes_enabled":true,"_links":{"self":[{"href":"https:\/\/www.lunaventura.com.ar\/index.php?rest_route=\/wp\/v2\/pages\/1105","targetHints":{"allow":["GET"]}}],"collection":[{"href":"https:\/\/www.lunaventura.com.ar\/index.php?rest_route=\/wp\/v2\/pages"}],"about":[{"href":"https:\/\/www.lunaventura.com.ar\/index.php?rest_route=\/wp\/v2\/types\/page"}],"author":[{"embeddable":true,"href":"https:\/\/www.lunaventura.com.ar\/index.php?rest_route=\/wp\/v2\/users\/2"}],"replies":[{"embeddable":true,"href":"https:\/\/www.lunaventura.com.ar\/index.php?rest_route=%2Fwp%2Fv2%2Fcomments&post=1105"}],"version-history":[{"count":3,"href":"https:\/\/www.lunaventura.com.ar\/index.php?rest_route=\/wp\/v2\/pages\/1105\/revisions"}],"predecessor-version":[{"id":1112,"href":"https:\/\/www.lunaventura.com.ar\/index.php?rest_route=\/wp\/v2\/pages\/1105\/revisions\/1112"}],"wp:attachment":[{"href":"https:\/\/www.lunaventura.com.ar\/index.php?rest_route=%2Fwp%2Fv2%2Fmedia&parent=1105"}],"curies":[{"name":"wp","href":"https:\/\/api.w.org\/{rel}","templated":true}]}}