{"id":2,"date":"2013-12-22T12:28:48","date_gmt":"2013-12-22T12:28:48","guid":{"rendered":"http:\/\/www.lunaventura.com.ar\/?page_id=2"},"modified":"2023-09-05T15:22:09","modified_gmt":"2023-09-05T15:22:09","slug":"sample-page","status":"publish","type":"page","link":"https:\/\/www.lunaventura.com.ar\/?page_id=2","title":{"rendered":"BIO LUNA VENTURA"},"content":{"rendered":"\n<p><\/p>\n\n\n\n<p><\/p>\n\n\n\n<p>ARTISTA VISUAL- ESC\u00c9NICA<\/p>\n\n\n\n<div class=\"wp-block-cover aligncenter\" style=\"min-height:323px;aspect-ratio:unset;\"><span aria-hidden=\"true\" class=\"wp-block-cover__background has-background-dim\"><\/span><img data-recalc-dims=\"1\" loading=\"lazy\" decoding=\"async\" width=\"300\" height=\"269\" data-attachment-id=\"33\" data-permalink=\"https:\/\/www.lunaventura.com.ar\/?attachment_id=33\" data-orig-file=\"https:\/\/i0.wp.com\/www.lunaventura.com.ar\/wp-content\/uploads\/2013\/12\/foto-perfil-alta.jpg?fit=827%2C743&amp;ssl=1\" data-orig-size=\"827,743\" data-comments-opened=\"1\" data-image-meta=\"{&quot;aperture&quot;:&quot;0&quot;,&quot;credit&quot;:&quot;&quot;,&quot;camera&quot;:&quot;&quot;,&quot;caption&quot;:&quot;&quot;,&quot;created_timestamp&quot;:&quot;0&quot;,&quot;copyright&quot;:&quot;&quot;,&quot;focal_length&quot;:&quot;0&quot;,&quot;iso&quot;:&quot;0&quot;,&quot;shutter_speed&quot;:&quot;0&quot;,&quot;title&quot;:&quot;&quot;}\" data-image-title=\"foto perfil alta\" data-image-description=\"\" data-image-caption=\"\" data-medium-file=\"https:\/\/i0.wp.com\/www.lunaventura.com.ar\/wp-content\/uploads\/2013\/12\/foto-perfil-alta.jpg?fit=300%2C269&amp;ssl=1\" data-large-file=\"https:\/\/i0.wp.com\/www.lunaventura.com.ar\/wp-content\/uploads\/2013\/12\/foto-perfil-alta.jpg?fit=827%2C743&amp;ssl=1\" class=\"wp-block-cover__image-background wp-image-33\" alt=\"foto perfil alta\" src=\"https:\/\/i0.wp.com\/www.lunaventura.com.ar\/wp-content\/uploads\/2013\/12\/foto-perfil-alta.jpg?resize=300%2C269\" data-object-fit=\"cover\" srcset=\"https:\/\/i0.wp.com\/www.lunaventura.com.ar\/wp-content\/uploads\/2013\/12\/foto-perfil-alta.jpg?resize=300%2C269&amp;ssl=1 300w, https:\/\/i0.wp.com\/www.lunaventura.com.ar\/wp-content\/uploads\/2013\/12\/foto-perfil-alta.jpg?w=827&amp;ssl=1 827w\" sizes=\"auto, (max-width: 300px) 100vw, 300px\" \/><div class=\"wp-block-cover__inner-container is-layout-flow wp-block-cover-is-layout-flow\">\n<p>Luna Ventura naci\u00f3 en Buenos Aires, Argentina. Graduada en Artes Visuales, con una Especializaci\u00f3n de posgrado en Teatro de objetos y nuevos medios de la Universidad Nacional de Artes de Buenos Aires. Su pasi\u00f3n por las artes visuales y esc\u00e9nicas se refleja en su trabajo creativo que ejerce hace mas de 20 a\u00f1os.<br>Dirige el Taller Killa desde el 2007, donde produce piezas de joyer\u00eda, objetos cin\u00e9ticos y escenogr\u00e1ficos, e imparte talleres y seminarios de t\u00e9cnicas creativas relacionadas al esmaltado a fuego sobre metales aplicados a la Joyer\u00eda. Tambi\u00e9n se dedica a la realizaci\u00f3n de objetos esc\u00e9nicos y participa en producciones teatrales y audiovisuales.<\/p>\n<\/div><\/div>\n\n\n\n<blockquote class=\"wp-block-quote is-layout-flow wp-block-quote-is-layout-flow\">\n<p><mark style=\"background-color:rgba(0, 0, 0, 0)\" class=\"has-inline-color has-cyan-bluish-gray-color\">VISUAL-PERFORMING ARTIST<\/mark><\/p>\n\n\n\n<p><mark style=\"background-color:rgba(0, 0, 0, 0)\" class=\"has-inline-color has-cyan-bluish-gray-color\">Luna Ventura was born in Buenos Aires, Argentina. She graduated in Visual Arts and has a Postgraduate Specialization in Theater of Objects and New Media from the National University of Arts of Buenos Aires. Her passion for the visual and performing arts is reflected in her creative work that she has carried out for more than 20 years.<br>She has directed the Killa Workshop since 2007, where she produces pieces of jewelry and kinetic objects and scenographic work, and gives workshops and seminars on creative techniques related to fire enameling on metals applied to Jewelry. She is also dedicated to the realization of scenic objects and participates in theatrical and audiovisual productions.<\/mark><\/p>\n<\/blockquote>\n\n\n\n<p class=\"has-text-align-left has-cyan-bluish-gray-background-color has-background\"><strong>La Joyer\u00eda contempor\u00e1nea o de autor(a) es,  seg\u00fan mi mirada, el arte de la escultura en miniatura que habita el cuerpo de quien la usa. Es un mundo pero peque\u00f1o. &nbsp;Algunas joyas habitan transitoriamente y otras permanecen en ese cuerpo por a\u00f1os. Otras pasan de generaci\u00f3n en generaci\u00f3n. Son piezas que portan un significado, un mensaje. Como joyera, me alucina poder crear estos mensajes, que a veces son como cartas con remitente&nbsp; y otras como botellas al mar. Tengo especial inter\u00e9s por los mecanismos simples aplicados a la joyer\u00eda, que dan un peque\u00f1o movimiento&nbsp; o flexibilidad a las piezas. Es una peque\u00f1a animaci\u00f3n. Me gusta trabajar con color y textura en las piezas a partir del esmaltado a fuego. La Joyer\u00eda esmaltada es un planeta que tiene varios rincones para ser explorados, varios paisajes para ser revelados a\u00fan. Tambi\u00e9n el uso y la reutilizaci\u00f3n de materiales no convencionales &nbsp;dan nuevas dimensiones a este oficio, interpelan y contrastan &nbsp;lo tradicional y lo actual.<\/strong> <strong>Como artesana, siento que creamos Identidad con nuestras manos, con nuestros viajes. Ejercemos y valoramos la capacidad de reparar, de reciclar, de construir, de transformar la materia y al mismo tiempo y quiz\u00e1s sin advertirlo a nosotrxs mismxs.<\/strong> &nbsp;<\/p>\n\n\n\n<p><\/p>\n\n\n<div class=\"wp-block-image\">\n<figure class=\"aligncenter size-large is-resized\"><img data-recalc-dims=\"1\" loading=\"lazy\" decoding=\"async\" data-attachment-id=\"217\" data-permalink=\"https:\/\/www.lunaventura.com.ar\/?attachment_id=217\" data-orig-file=\"https:\/\/i0.wp.com\/www.lunaventura.com.ar\/wp-content\/uploads\/2020\/05\/Navigators.jpg?fit=2048%2C1365&amp;ssl=1\" data-orig-size=\"2048,1365\" data-comments-opened=\"1\" data-image-meta=\"{&quot;aperture&quot;:&quot;0&quot;,&quot;credit&quot;:&quot;&quot;,&quot;camera&quot;:&quot;&quot;,&quot;caption&quot;:&quot;&quot;,&quot;created_timestamp&quot;:&quot;0&quot;,&quot;copyright&quot;:&quot;&quot;,&quot;focal_length&quot;:&quot;0&quot;,&quot;iso&quot;:&quot;0&quot;,&quot;shutter_speed&quot;:&quot;0&quot;,&quot;title&quot;:&quot;&quot;,&quot;orientation&quot;:&quot;0&quot;}\" data-image-title=\"Navigators\" data-image-description=\"\" data-image-caption=\"\" data-medium-file=\"https:\/\/i0.wp.com\/www.lunaventura.com.ar\/wp-content\/uploads\/2020\/05\/Navigators.jpg?fit=300%2C200&amp;ssl=1\" data-large-file=\"https:\/\/i0.wp.com\/www.lunaventura.com.ar\/wp-content\/uploads\/2020\/05\/Navigators.jpg?fit=1024%2C683&amp;ssl=1\" src=\"https:\/\/i0.wp.com\/www.lunaventura.com.ar\/wp-content\/uploads\/2020\/05\/Navigators.jpg?resize=304%2C200\" alt=\"\" class=\"wp-image-217\" width=\"304\" height=\"200\" srcset=\"https:\/\/i0.wp.com\/www.lunaventura.com.ar\/wp-content\/uploads\/2020\/05\/Navigators.jpg?resize=207%2C136&amp;ssl=1 207w, https:\/\/i0.wp.com\/www.lunaventura.com.ar\/wp-content\/uploads\/2020\/05\/Navigators.jpg?resize=260%2C170&amp;ssl=1 260w, https:\/\/i0.wp.com\/www.lunaventura.com.ar\/wp-content\/uploads\/2020\/05\/Navigators.jpg?resize=430%2C283&amp;ssl=1 430w, https:\/\/i0.wp.com\/www.lunaventura.com.ar\/wp-content\/uploads\/2020\/05\/Navigators.jpg?zoom=2&amp;resize=304%2C200 608w, https:\/\/i0.wp.com\/www.lunaventura.com.ar\/wp-content\/uploads\/2020\/05\/Navigators.jpg?zoom=3&amp;resize=304%2C200 912w\" sizes=\"auto, (max-width: 304px) 100vw, 304px\" \/><figcaption class=\"wp-element-caption\"><br><a rel=\"noreferrer noopener\" href=\"https:\/\/drive.google.com\/file\/d\/1A-P9ucyfKYEd02ay8c_LZkF6oRLwmcky\/view?usp=sharing\" target=\"_blank\">LA JOYER\u00cdA<\/a><\/figcaption><\/figure>\n<\/div>\n\n\n<p class=\"has-vivid-red-background-color has-background\"><strong>Luna Ventura &#8211; JOYER\u00cdA Y REALIZACI\u00d3N DE OBJETOS<\/strong><\/p>\n\n\n\n<p><strong>Artista Pl\u00e1stica, esmaltadora y orfebre, especializada en joyer\u00eda esmaltada a fuego.<\/strong> Nacida en Buenos Aires, Argentina en 1979. Egresada de la Escuela Nacional de Bellas Artes Prilidiano Pueyrred\u00f3n, (UNA) como profesora Nacional de Dibujo y Especialista en Teatro de Objetos, Interactividad y Nuevos Medios, en la Universidad Nacional de Artes.<\/p>\n\n\n\n<p>Trabaja como coordinadora y docente de Artes Visuales, Esmaltado a fuego y Joyer\u00eda en el Taller Killa en Buenos Aires desde el 2007 y en otros espacios&nbsp; pedag\u00f3gicos desde el 2002. Imparte talleres , seminarios y capacitaciones de forma presencial en Buenos Aires y en modalidad virtual. Participa tambi\u00e9n en producciones teatrales en la realizaci\u00f3n de objetos esc\u00e9nicos, m\u00e1scaras,&nbsp; t\u00edteres y escenograf\u00eda. Ha dictado seminarios de esmalte al fuego en el marco de la Bienal Latinoamericana de Joyer\u00eda contempor\u00e1nea en sus tres ediciones, tambi\u00e9n en de la muestra \u201cFiguraciones\u201d de Joyeros Argentinos , en el Museo de Arte Popular, Jos\u00e9 Hern\u00e1ndez. MAP.<\/p>\n\n\n\n<p>Su formaci\u00f3n como esmaltadora se inicia con el maestro Ra\u00fal P\u00e9rez Alonso en el a\u00f1o 2001 y&nbsp; paralelamente en el campo de la orfebrer\u00eda,&nbsp; en forma autodidacta, especializ\u00e1ndose en joyer\u00eda esmaltada a fuego sobre metales.&nbsp; Profundiz\u00f3 sus conocimientos t\u00e9cnicos y expresivos en el campo de la joyer\u00eda de arte contempor\u00e1neo con la maestra Graciela Lescano.<\/p>\n\n\n\n<p>Es integrante&nbsp; de la comunidad Joyeros Argentinos y del colectivo de joyer\u00eda contempor\u00e1nea Fwiya, que coordina&nbsp; Graciela Lescano.&nbsp; Paralelamente se ha formado y trabaja&nbsp; en las Artes Esc\u00e9nicas<\/p>\n\n\n\n<p>Ha participado de exposiciones tanto a nivel Nacional como Internacional y en diversos museos Nacionales. En 2023 fue parte de la convocatoria de Joyeros Argentinos \u201c40 a\u00f1os de democracia, un camino infinito\u201d realizada en el Museo Hist\u00f3rico Sarmiento con la obra \u201cEl quinto poder\u201d . En este mismo a\u00f1o fue seleccionada ha participar en Jewelry and travel de la galeria Tincal Lab en Portugal con la colecci\u00f3n \u201cPostal\u201d&nbsp; En el 2021 y 2022 particip\u00f3 en la muestra \u00abGabinete de Curiosidades\u00bb con el colectivo Fwiya&nbsp; con la Colecci\u00f3n \u201cPlagas\u201d . Esta muestra fue parte de la programaci\u00f3n de la III Bienal Latinoamericana de Joyer\u00eda Contempor\u00e1nea que se present\u00f3 en forma virtual a trav\u00e9s del Centro Cultural Rector Ricardo Rojas y posteriormente en forma presencial en el Museo de la Historia del Traje, en CABA. En el mismo per\u00edodo, tambi\u00e9n fue parte de la muestra \u00abDesde el taller\u00bb con la obra \u201cFlor de Mayo\u201d. Esta muestra fue organizada por Joyeros Argentinos que fue presentada virtualmente y en forma presencial se present\u00f3 en el Museo Hist\u00f3rico Sarmiento en CABA.<\/p>\n\n\n\n<p>En 2018 y 2019 expone con el colectivo Fwiya la muestra&nbsp; de Joyer\u00eda Contempor\u00e1nea&nbsp; \u201cFabulaciones\u201d&nbsp; con la colecci\u00f3n \u201c Navigators\u201d y #La vuelta al mundo\u201d&nbsp; en el Museo de la Historia&nbsp; del Traje en Buenos Aires y en el Centro Cultural Las Condes en Santiago de Chile. Tambi\u00e9n es parte de la muestra colectiva \u201cTraves\u00edas\u201d en 847 Espacio de Arte, Jun\u00edn, Pcia de Buenos Aires, 2018 y en&nbsp; Museo de Arte Municipalidad de Mercedes. Pcia de Buenos Aires.<\/p>\n\n\n\n<p>Participa de la muestra \u201cEspacios Intersticiales\u201d en la Galer\u00eda Buenos Aires Sur durante el mes de Agosto y Septiembre del 2017. El mismo a\u00f1o expone obras de esmalte sobre metal en la Sociedad Argentina de Artistas Pl\u00e1sticos&nbsp; en una muestra colectiva junto al artista Ra\u00fal P\u00e9rez Alonso.<\/p>\n\n\n\n<p>En el 2015,&nbsp; la muestra se presenta en Casa Caravati, provincia de Catamarca. En mayo de 2014 participa con el colectivo en la muestra&nbsp; \u201cVerdades Ef\u00edmeras\u201d&nbsp; en el&nbsp; museo Eduardo Sivori de Buenos Aires. En el 2010 participa en la Feria Internacional de Artesan\u00eda de Buenos Aires. En el 2012 participa en la muestra \u201cCada loco con su tema, joyer\u00eda en refranes\u201d en el Museo de Arte Popular Jos\u00e9 Hern\u00e1ndez, como integrante del colectivo Fwiya.<\/p>\n\n\n\n<p>Recibi\u00f3 una Primera Menci\u00f3n en el rubro metal&nbsp; de la categor\u00eda Joyer\u00eda Contempor\u00e1nea, con su pulsera \u201cCivilizaci\u00f3n\u201d en el&nbsp; Concurso Nacional de Artesan\u00edas convocado por el Fondo Nacional de las Artes en el a\u00f1o 2015.&nbsp;&nbsp;<\/p>\n\n\n\n<p class=\"has-white-color has-vivid-red-background-color has-text-color has-background\">LUNA VENTURA &#8211; <strong>ACTRIZ-CLOWN-TITIRITERA<\/strong><\/p>\n\n\n\n<div class=\"wp-block-cover aligncenter\" style=\"min-height:604px;aspect-ratio:unset;\"><span aria-hidden=\"true\" class=\"wp-block-cover__background has-background-dim\"><\/span><img data-recalc-dims=\"1\" loading=\"lazy\" decoding=\"async\" width=\"575\" height=\"1024\" data-attachment-id=\"529\" data-permalink=\"https:\/\/www.lunaventura.com.ar\/?attachment_id=529\" data-orig-file=\"https:\/\/i0.wp.com\/www.lunaventura.com.ar\/wp-content\/uploads\/2023\/05\/IMG_20190320_192402-scaled.jpg?fit=1438%2C2560&amp;ssl=1\" data-orig-size=\"1438,2560\" data-comments-opened=\"1\" data-image-meta=\"{&quot;aperture&quot;:&quot;2&quot;,&quot;credit&quot;:&quot;&quot;,&quot;camera&quot;:&quot;ALE-L21&quot;,&quot;caption&quot;:&quot;&quot;,&quot;created_timestamp&quot;:&quot;1553109843&quot;,&quot;copyright&quot;:&quot;&quot;,&quot;focal_length&quot;:&quot;3.79&quot;,&quot;iso&quot;:&quot;390&quot;,&quot;shutter_speed&quot;:&quot;0.03030303030303&quot;,&quot;title&quot;:&quot;&quot;,&quot;orientation&quot;:&quot;1&quot;}\" data-image-title=\"IMG_20190320_192402\" data-image-description=\"\" data-image-caption=\"\" data-medium-file=\"https:\/\/i0.wp.com\/www.lunaventura.com.ar\/wp-content\/uploads\/2023\/05\/IMG_20190320_192402-scaled.jpg?fit=168%2C300&amp;ssl=1\" data-large-file=\"https:\/\/i0.wp.com\/www.lunaventura.com.ar\/wp-content\/uploads\/2023\/05\/IMG_20190320_192402-scaled.jpg?fit=575%2C1024&amp;ssl=1\" class=\"wp-block-cover__image-background wp-image-529\" alt=\"\" src=\"https:\/\/i0.wp.com\/www.lunaventura.com.ar\/wp-content\/uploads\/2023\/05\/IMG_20190320_192402.jpg?resize=575%2C1024\" data-object-fit=\"cover\" srcset=\"https:\/\/i0.wp.com\/www.lunaventura.com.ar\/wp-content\/uploads\/2023\/05\/IMG_20190320_192402-scaled.jpg?resize=575%2C1024&amp;ssl=1 575w, https:\/\/i0.wp.com\/www.lunaventura.com.ar\/wp-content\/uploads\/2023\/05\/IMG_20190320_192402-scaled.jpg?resize=168%2C300&amp;ssl=1 168w, https:\/\/i0.wp.com\/www.lunaventura.com.ar\/wp-content\/uploads\/2023\/05\/IMG_20190320_192402-scaled.jpg?resize=768%2C1368&amp;ssl=1 768w, https:\/\/i0.wp.com\/www.lunaventura.com.ar\/wp-content\/uploads\/2023\/05\/IMG_20190320_192402-scaled.jpg?resize=863%2C1536&amp;ssl=1 863w, https:\/\/i0.wp.com\/www.lunaventura.com.ar\/wp-content\/uploads\/2023\/05\/IMG_20190320_192402-scaled.jpg?resize=1150%2C2048&amp;ssl=1 1150w, https:\/\/i0.wp.com\/www.lunaventura.com.ar\/wp-content\/uploads\/2023\/05\/IMG_20190320_192402-scaled.jpg?w=1438&amp;ssl=1 1438w\" sizes=\"auto, (max-width: 575px) 100vw, 575px\" \/><div class=\"wp-block-cover__inner-container is-layout-flow wp-block-cover-is-layout-flow\">\n<p class=\"has-text-align-center has-large-font-size\"><\/p>\n<\/div><\/div>\n\n\n\n<p><\/p>\n\n\n\n<p>Silvina Ventura, con nombre art\u00edstico<strong> Luna Ventura,<\/strong> nace en Argentina, provincia de Buenos Aires. Es artista pl\u00e1stica, actriz-titiritera, clown y docente. Egresada de la Escuela Nacional de Bellas Artes Prilidiano Pueyrred\u00f3n, UNA. Egresada de la especializaci\u00f3n de posgrado de Teatro de Objetos, Interactividad y Nuevos Medios de en la Universidad Nacional de Arte, de Buenos Aires.<\/p>\n\n\n\n<p>Participa en producciones en las artes esc\u00e9nicas, visuales y audiovisuales como int\u00e9rprete, realizadora, investigadora y docente. Su actividad esc\u00e9nica se desarrolla c\u00f3mo actriz, clown y animadora de objetos en espect\u00e1culos teatrales y\/o multidisciplinarios y se especializa en el teatro de t\u00edteres y objetos. Investiga el cruce de disciplinas art\u00edsticas y la relaci\u00f3n con los nuevos medios tecnol\u00f3gicos aplicados a la escena.<\/p>\n\n\n\n<p>Autora, int\u00e9rprete y realizadora de la obra \u201cMirka, en el tiempo del rev\u00e9s\u201d, espect\u00e1culo de teatro de t\u00edteres y objetos. El mismo se reestren\u00f3 en el Festival de clown de El Bols\u00f3n en febrero 2023. Trabaj\u00f3 en los \u00faltimos 10 a\u00f1os en diferentes proyectos teatrales y audiovisuales. Particip\u00f3 como interprete de voz de personajes en corto de animaci\u00f3n \u00abLas peripecias de Sir Percival\u00bb, dirigida por Mrad, Lo Bianco y Bergara,&nbsp; como actriz-clown y directora en el espect\u00e1culo Caminito Caracol, 2021, como actriz-clown en la obra Vientre, el hueco de d\u00f3nde venimos, producida por Malvado Colibr\u00ed, desde el 2018 al 2020. \u201cLa habitaci\u00f3n de mi infancia. Homenaje a Kantor\u201d dirigido por Susana Villalba 2015, el espect\u00e1culo \u00abUmbra, el arco circadiano\u00bb dirigido por Fernando Blanco, (2012), \u00abEl Cuelgue\u00bb pieza propia de Teatro de Objetos, 2013, \u201cM20 Universo del tiempo\u201d Performance interdisciplinario, \u201cQueridas M\u00edas\u201d de B Mosquera con el grupo Grupo Infinito Punto Rojo.<\/p>\n\n\n\n<p>Particip\u00f3 como actriz en el Festival Internacional de Buenos Aires (FIBA) 2019 y 2015, la Fiesta Nacional del Teatro- en, Posadas 2019, El D\u00eda del Teatro en el Teatro Cervantes 2019, Festival de Teatro de La Plata, Festival Nacional de Teatro ECUNHi.<\/p>\n\n\n\n<p>Como realizadora escenogr\u00e1fica particip\u00f3 en la realizaci\u00f3n de objetos y escenograf\u00eda de la obra \u201cMirka, en el tiempo del rev\u00e9s\u201d, de m\u00e1scaras y objetos esc\u00e9nicos para espect\u00e1culos: \u201cDecimocuartavez\u201d, 2011 para el Festival Internacional de Teatro de La Plata, \u201cEl cuerpo del Relato\u201d Episodio perform\u00e1tico. ECUNHI. 2010, Restauraci\u00f3n objetos esc\u00e9nicos para reposici\u00f3n de \u201cLa Cuna Vac\u00eda\u201d de Omar Pacheco 2007\/ 10, Dise\u00f1o y realizaci\u00f3n de objetos esc\u00e9nicos en \u201cM20 Universo del Tiempo\u201d para el Festival Nacional Ecunhi. 2009, Dise\u00f1o\/ realizaci\u00f3n objetos esc\u00e9nicos en obra teatral \u201cQueridas m\u00edas\u201d Grupo Infinito.Rojo 2007, Realizaci\u00f3n de escenograf\u00eda. Taller de Betiana Tkaczyk, Bs As, 2007.<\/p>\n\n\n\n<div class=\"wp-block-cover\" style=\"min-height:412px;aspect-ratio:unset;\"><span aria-hidden=\"true\" class=\"wp-block-cover__background has-background-dim\"><\/span><img data-recalc-dims=\"1\" loading=\"lazy\" decoding=\"async\" width=\"1022\" height=\"1024\" data-attachment-id=\"530\" data-permalink=\"https:\/\/www.lunaventura.com.ar\/?attachment_id=530\" data-orig-file=\"https:\/\/i0.wp.com\/www.lunaventura.com.ar\/wp-content\/uploads\/2023\/05\/IMG-20180723-WA0071.jpg?fit=1278%2C1280&amp;ssl=1\" data-orig-size=\"1278,1280\" data-comments-opened=\"1\" data-image-meta=\"{&quot;aperture&quot;:&quot;0&quot;,&quot;credit&quot;:&quot;&quot;,&quot;camera&quot;:&quot;&quot;,&quot;caption&quot;:&quot;&quot;,&quot;created_timestamp&quot;:&quot;0&quot;,&quot;copyright&quot;:&quot;&quot;,&quot;focal_length&quot;:&quot;0&quot;,&quot;iso&quot;:&quot;0&quot;,&quot;shutter_speed&quot;:&quot;0&quot;,&quot;title&quot;:&quot;&quot;,&quot;orientation&quot;:&quot;0&quot;}\" data-image-title=\"IMG-20180723-WA0071\" data-image-description=\"\" data-image-caption=\"\" data-medium-file=\"https:\/\/i0.wp.com\/www.lunaventura.com.ar\/wp-content\/uploads\/2023\/05\/IMG-20180723-WA0071.jpg?fit=300%2C300&amp;ssl=1\" data-large-file=\"https:\/\/i0.wp.com\/www.lunaventura.com.ar\/wp-content\/uploads\/2023\/05\/IMG-20180723-WA0071.jpg?fit=1022%2C1024&amp;ssl=1\" class=\"wp-block-cover__image-background wp-image-530\" alt=\"\" src=\"https:\/\/i0.wp.com\/www.lunaventura.com.ar\/wp-content\/uploads\/2023\/05\/IMG-20180723-WA0071.jpg?resize=1022%2C1024\" data-object-fit=\"cover\" srcset=\"https:\/\/i0.wp.com\/www.lunaventura.com.ar\/wp-content\/uploads\/2023\/05\/IMG-20180723-WA0071.jpg?resize=1022%2C1024&amp;ssl=1 1022w, https:\/\/i0.wp.com\/www.lunaventura.com.ar\/wp-content\/uploads\/2023\/05\/IMG-20180723-WA0071.jpg?resize=300%2C300&amp;ssl=1 300w, https:\/\/i0.wp.com\/www.lunaventura.com.ar\/wp-content\/uploads\/2023\/05\/IMG-20180723-WA0071.jpg?resize=150%2C150&amp;ssl=1 150w, https:\/\/i0.wp.com\/www.lunaventura.com.ar\/wp-content\/uploads\/2023\/05\/IMG-20180723-WA0071.jpg?resize=768%2C769&amp;ssl=1 768w, https:\/\/i0.wp.com\/www.lunaventura.com.ar\/wp-content\/uploads\/2023\/05\/IMG-20180723-WA0071.jpg?resize=184%2C184&amp;ssl=1 184w, https:\/\/i0.wp.com\/www.lunaventura.com.ar\/wp-content\/uploads\/2023\/05\/IMG-20180723-WA0071.jpg?w=1278&amp;ssl=1 1278w\" sizes=\"auto, (max-width: 1000px) 100vw, 1000px\" \/><div class=\"wp-block-cover__inner-container is-layout-flow wp-block-cover-is-layout-flow\">\n<p class=\"has-text-align-center has-large-font-size\"><\/p>\n<\/div><\/div>\n","protected":false},"excerpt":{"rendered":"<p>Artista Pl\u00e1stica, esmaltadora y orfebre, especializada en joyer\u00eda esmaltada a fuego<\/p>\n","protected":false},"author":1,"featured_media":33,"parent":0,"menu_order":0,"comment_status":"closed","ping_status":"closed","template":"","meta":{"jetpack_post_was_ever_published":false,"footnotes":""},"class_list":["post-2","page","type-page","status-publish","has-post-thumbnail","hentry"],"jetpack_shortlink":"https:\/\/wp.me\/P4bMP7-2","jetpack_sharing_enabled":true,"jetpack_likes_enabled":true,"_links":{"self":[{"href":"https:\/\/www.lunaventura.com.ar\/index.php?rest_route=\/wp\/v2\/pages\/2","targetHints":{"allow":["GET"]}}],"collection":[{"href":"https:\/\/www.lunaventura.com.ar\/index.php?rest_route=\/wp\/v2\/pages"}],"about":[{"href":"https:\/\/www.lunaventura.com.ar\/index.php?rest_route=\/wp\/v2\/types\/page"}],"author":[{"embeddable":true,"href":"https:\/\/www.lunaventura.com.ar\/index.php?rest_route=\/wp\/v2\/users\/1"}],"replies":[{"embeddable":true,"href":"https:\/\/www.lunaventura.com.ar\/index.php?rest_route=%2Fwp%2Fv2%2Fcomments&post=2"}],"version-history":[{"count":11,"href":"https:\/\/www.lunaventura.com.ar\/index.php?rest_route=\/wp\/v2\/pages\/2\/revisions"}],"predecessor-version":[{"id":1174,"href":"https:\/\/www.lunaventura.com.ar\/index.php?rest_route=\/wp\/v2\/pages\/2\/revisions\/1174"}],"wp:featuredmedia":[{"embeddable":true,"href":"https:\/\/www.lunaventura.com.ar\/index.php?rest_route=\/wp\/v2\/media\/33"}],"wp:attachment":[{"href":"https:\/\/www.lunaventura.com.ar\/index.php?rest_route=%2Fwp%2Fv2%2Fmedia&parent=2"}],"curies":[{"name":"wp","href":"https:\/\/api.w.org\/{rel}","templated":true}]}}