{"id":417,"date":"2021-08-28T17:00:40","date_gmt":"2021-08-28T17:00:40","guid":{"rendered":"http:\/\/www.lunaventura.com.ar\/?page_id=417"},"modified":"2024-06-24T18:28:29","modified_gmt":"2024-06-24T18:28:29","slug":"novedades","status":"publish","type":"page","link":"https:\/\/www.lunaventura.com.ar\/?page_id=417","title":{"rendered":"NOVEDADES TALLER KILLA"},"content":{"rendered":"\n<figure class=\"wp-block-image size-large\"><a href=\"https:\/\/i0.wp.com\/www.lunaventura.com.ar\/wp-content\/uploads\/2023\/09\/inauguracion-apaisada.jpg\"><img data-recalc-dims=\"1\" loading=\"lazy\" decoding=\"async\" width=\"1024\" height=\"819\" data-attachment-id=\"832\" data-permalink=\"https:\/\/www.lunaventura.com.ar\/?attachment_id=832\" data-orig-file=\"https:\/\/i0.wp.com\/www.lunaventura.com.ar\/wp-content\/uploads\/2023\/09\/inauguracion-apaisada.jpg?fit=1142%2C913&amp;ssl=1\" data-orig-size=\"1142,913\" data-comments-opened=\"1\" data-image-meta=\"{&quot;aperture&quot;:&quot;0&quot;,&quot;credit&quot;:&quot;&quot;,&quot;camera&quot;:&quot;&quot;,&quot;caption&quot;:&quot;&quot;,&quot;created_timestamp&quot;:&quot;0&quot;,&quot;copyright&quot;:&quot;&quot;,&quot;focal_length&quot;:&quot;0&quot;,&quot;iso&quot;:&quot;0&quot;,&quot;shutter_speed&quot;:&quot;0&quot;,&quot;title&quot;:&quot;&quot;,&quot;orientation&quot;:&quot;1&quot;}\" data-image-title=\"inauguracion-apaisada\" data-image-description=\"\" data-image-caption=\"\" data-medium-file=\"https:\/\/i0.wp.com\/www.lunaventura.com.ar\/wp-content\/uploads\/2023\/09\/inauguracion-apaisada.jpg?fit=300%2C240&amp;ssl=1\" data-large-file=\"https:\/\/i0.wp.com\/www.lunaventura.com.ar\/wp-content\/uploads\/2023\/09\/inauguracion-apaisada.jpg?fit=1024%2C819&amp;ssl=1\" src=\"https:\/\/i0.wp.com\/www.lunaventura.com.ar\/wp-content\/uploads\/2023\/09\/inauguracion-apaisada.jpg?resize=1024%2C819\" alt=\"\" class=\"wp-image-832\" srcset=\"https:\/\/i0.wp.com\/www.lunaventura.com.ar\/wp-content\/uploads\/2023\/09\/inauguracion-apaisada.jpg?resize=1024%2C819&amp;ssl=1 1024w, https:\/\/i0.wp.com\/www.lunaventura.com.ar\/wp-content\/uploads\/2023\/09\/inauguracion-apaisada.jpg?resize=300%2C240&amp;ssl=1 300w, https:\/\/i0.wp.com\/www.lunaventura.com.ar\/wp-content\/uploads\/2023\/09\/inauguracion-apaisada.jpg?resize=768%2C614&amp;ssl=1 768w, https:\/\/i0.wp.com\/www.lunaventura.com.ar\/wp-content\/uploads\/2023\/09\/inauguracion-apaisada.jpg?w=1142&amp;ssl=1 1142w\" sizes=\"auto, (max-width: 1000px) 100vw, 1000px\" \/><\/a><\/figure>\n\n\n\n<p>2023<\/p>\n\n\n\n<figure class=\"wp-block-image size-large\"><img data-recalc-dims=\"1\" loading=\"lazy\" decoding=\"async\" width=\"1024\" height=\"1024\" data-attachment-id=\"481\" data-permalink=\"https:\/\/www.lunaventura.com.ar\/?attachment_id=481\" data-orig-file=\"https:\/\/i0.wp.com\/www.lunaventura.com.ar\/wp-content\/uploads\/2022\/03\/IMG_20220223_160818_714.jpg?fit=1080%2C1080&amp;ssl=1\" data-orig-size=\"1080,1080\" data-comments-opened=\"1\" data-image-meta=\"{&quot;aperture&quot;:&quot;0&quot;,&quot;credit&quot;:&quot;&quot;,&quot;camera&quot;:&quot;&quot;,&quot;caption&quot;:&quot;&quot;,&quot;created_timestamp&quot;:&quot;0&quot;,&quot;copyright&quot;:&quot;&quot;,&quot;focal_length&quot;:&quot;0&quot;,&quot;iso&quot;:&quot;0&quot;,&quot;shutter_speed&quot;:&quot;0&quot;,&quot;title&quot;:&quot;&quot;,&quot;orientation&quot;:&quot;0&quot;}\" data-image-title=\"IMG_20220223_160818_714\" data-image-description=\"\" data-image-caption=\"\" data-medium-file=\"https:\/\/i0.wp.com\/www.lunaventura.com.ar\/wp-content\/uploads\/2022\/03\/IMG_20220223_160818_714.jpg?fit=300%2C300&amp;ssl=1\" data-large-file=\"https:\/\/i0.wp.com\/www.lunaventura.com.ar\/wp-content\/uploads\/2022\/03\/IMG_20220223_160818_714.jpg?fit=1024%2C1024&amp;ssl=1\" src=\"https:\/\/i0.wp.com\/www.lunaventura.com.ar\/wp-content\/uploads\/2022\/03\/IMG_20220223_160818_714.jpg?resize=1024%2C1024\" alt=\"\" class=\"wp-image-481\" srcset=\"https:\/\/i0.wp.com\/www.lunaventura.com.ar\/wp-content\/uploads\/2022\/03\/IMG_20220223_160818_714.jpg?resize=1024%2C1024&amp;ssl=1 1024w, https:\/\/i0.wp.com\/www.lunaventura.com.ar\/wp-content\/uploads\/2022\/03\/IMG_20220223_160818_714.jpg?resize=300%2C300&amp;ssl=1 300w, https:\/\/i0.wp.com\/www.lunaventura.com.ar\/wp-content\/uploads\/2022\/03\/IMG_20220223_160818_714.jpg?resize=150%2C150&amp;ssl=1 150w, https:\/\/i0.wp.com\/www.lunaventura.com.ar\/wp-content\/uploads\/2022\/03\/IMG_20220223_160818_714.jpg?resize=768%2C768&amp;ssl=1 768w, https:\/\/i0.wp.com\/www.lunaventura.com.ar\/wp-content\/uploads\/2022\/03\/IMG_20220223_160818_714.jpg?resize=184%2C184&amp;ssl=1 184w, https:\/\/i0.wp.com\/www.lunaventura.com.ar\/wp-content\/uploads\/2022\/03\/IMG_20220223_160818_714.jpg?w=1080&amp;ssl=1 1080w\" sizes=\"auto, (max-width: 1000px) 100vw, 1000px\" \/><\/figure>\n\n\n\n<figure class=\"wp-block-embed is-type-rich is-provider-instagram wp-block-embed-instagram\"><div class=\"wp-block-embed__wrapper\">\nhttps:\/\/www.instagram.com\/p\/CWZH_&#8211;vdpl\/?utm_source=ig_web_copy_link\n<\/div><\/figure>\n\n\n\n\n\n<p><\/p>\n\n\n<div class=\"wp-block-image\">\n<figure class=\"aligncenter size-medium is-resized\"><img data-recalc-dims=\"1\" loading=\"lazy\" decoding=\"async\" data-attachment-id=\"418\" data-permalink=\"https:\/\/www.lunaventura.com.ar\/?attachment_id=418\" data-orig-file=\"https:\/\/i0.wp.com\/www.lunaventura.com.ar\/wp-content\/uploads\/2021\/08\/IMG_20210827_170216_188.jpg?fit=1080%2C1080&amp;ssl=1\" data-orig-size=\"1080,1080\" data-comments-opened=\"1\" data-image-meta=\"{&quot;aperture&quot;:&quot;0&quot;,&quot;credit&quot;:&quot;&quot;,&quot;camera&quot;:&quot;&quot;,&quot;caption&quot;:&quot;&quot;,&quot;created_timestamp&quot;:&quot;0&quot;,&quot;copyright&quot;:&quot;&quot;,&quot;focal_length&quot;:&quot;0&quot;,&quot;iso&quot;:&quot;0&quot;,&quot;shutter_speed&quot;:&quot;0&quot;,&quot;title&quot;:&quot;&quot;,&quot;orientation&quot;:&quot;0&quot;}\" data-image-title=\"IMG_20210827_170216_188\" data-image-description=\"\" data-image-caption=\"\" data-medium-file=\"https:\/\/i0.wp.com\/www.lunaventura.com.ar\/wp-content\/uploads\/2021\/08\/IMG_20210827_170216_188.jpg?fit=300%2C300&amp;ssl=1\" data-large-file=\"https:\/\/i0.wp.com\/www.lunaventura.com.ar\/wp-content\/uploads\/2021\/08\/IMG_20210827_170216_188.jpg?fit=1024%2C1024&amp;ssl=1\" src=\"https:\/\/i0.wp.com\/www.lunaventura.com.ar\/wp-content\/uploads\/2021\/08\/IMG_20210827_170216_188-300x300.jpg?resize=148%2C148&#038;ssl=1\" alt=\"\" class=\"wp-image-418\" width=\"148\" height=\"148\" srcset=\"https:\/\/i0.wp.com\/www.lunaventura.com.ar\/wp-content\/uploads\/2021\/08\/IMG_20210827_170216_188.jpg?resize=300%2C300&amp;ssl=1 300w, https:\/\/i0.wp.com\/www.lunaventura.com.ar\/wp-content\/uploads\/2021\/08\/IMG_20210827_170216_188.jpg?resize=1024%2C1024&amp;ssl=1 1024w, https:\/\/i0.wp.com\/www.lunaventura.com.ar\/wp-content\/uploads\/2021\/08\/IMG_20210827_170216_188.jpg?resize=150%2C150&amp;ssl=1 150w, https:\/\/i0.wp.com\/www.lunaventura.com.ar\/wp-content\/uploads\/2021\/08\/IMG_20210827_170216_188.jpg?resize=768%2C768&amp;ssl=1 768w, https:\/\/i0.wp.com\/www.lunaventura.com.ar\/wp-content\/uploads\/2021\/08\/IMG_20210827_170216_188.jpg?resize=184%2C184&amp;ssl=1 184w, https:\/\/i0.wp.com\/www.lunaventura.com.ar\/wp-content\/uploads\/2021\/08\/IMG_20210827_170216_188.jpg?w=1080&amp;ssl=1 1080w\" sizes=\"auto, (max-width: 148px) 100vw, 148px\" \/><\/figure>\n<\/div>\n\n\n<figure class=\"wp-block-image size-large\"><img data-recalc-dims=\"1\" loading=\"lazy\" decoding=\"async\" width=\"600\" height=\"600\" data-attachment-id=\"422\" data-permalink=\"https:\/\/www.lunaventura.com.ar\/?attachment_id=422\" data-orig-file=\"https:\/\/i0.wp.com\/www.lunaventura.com.ar\/wp-content\/uploads\/2021\/08\/1-FOTOSeminarioBienalII.jpg?fit=600%2C600&amp;ssl=1\" data-orig-size=\"600,600\" data-comments-opened=\"1\" data-image-meta=\"{&quot;aperture&quot;:&quot;2&quot;,&quot;credit&quot;:&quot;&quot;,&quot;camera&quot;:&quot;ALE-L21&quot;,&quot;caption&quot;:&quot;&quot;,&quot;created_timestamp&quot;:&quot;1628203888&quot;,&quot;copyright&quot;:&quot;&quot;,&quot;focal_length&quot;:&quot;3.79&quot;,&quot;iso&quot;:&quot;100&quot;,&quot;shutter_speed&quot;:&quot;0.0054347826086957&quot;,&quot;title&quot;:&quot;&quot;,&quot;orientation&quot;:&quot;1&quot;}\" data-image-title=\"1-FOTOSeminarioBienalII\" data-image-description=\"\" data-image-caption=\"\" data-medium-file=\"https:\/\/i0.wp.com\/www.lunaventura.com.ar\/wp-content\/uploads\/2021\/08\/1-FOTOSeminarioBienalII.jpg?fit=300%2C300&amp;ssl=1\" data-large-file=\"https:\/\/i0.wp.com\/www.lunaventura.com.ar\/wp-content\/uploads\/2021\/08\/1-FOTOSeminarioBienalII.jpg?fit=600%2C600&amp;ssl=1\" src=\"https:\/\/i0.wp.com\/www.lunaventura.com.ar\/wp-content\/uploads\/2021\/08\/1-FOTOSeminarioBienalII.jpg?resize=600%2C600\" alt=\"\" class=\"wp-image-422\" srcset=\"https:\/\/i0.wp.com\/www.lunaventura.com.ar\/wp-content\/uploads\/2021\/08\/1-FOTOSeminarioBienalII.jpg?w=600&amp;ssl=1 600w, https:\/\/i0.wp.com\/www.lunaventura.com.ar\/wp-content\/uploads\/2021\/08\/1-FOTOSeminarioBienalII.jpg?resize=300%2C300&amp;ssl=1 300w, https:\/\/i0.wp.com\/www.lunaventura.com.ar\/wp-content\/uploads\/2021\/08\/1-FOTOSeminarioBienalII.jpg?resize=150%2C150&amp;ssl=1 150w, https:\/\/i0.wp.com\/www.lunaventura.com.ar\/wp-content\/uploads\/2021\/08\/1-FOTOSeminarioBienalII.jpg?resize=184%2C184&amp;ssl=1 184w\" sizes=\"auto, (max-width: 600px) 100vw, 600px\" \/><figcaption class=\"wp-element-caption\">sabado 18\/9 y domingo 19\/9 , 2021<br>de 14 a 16:30 hs<br><strong>+ INFO lunaventura@gmail.com<\/strong><br><a href=\"https:\/\/www.instagram.com\/tallerkilla?r=nametag\">https:\/\/www.instagram.com\/tallerkilla?r=nametag<\/a><\/figcaption><\/figure>\n\n\n\n<figure class=\"wp-block-image size-large\"><img data-recalc-dims=\"1\" loading=\"lazy\" decoding=\"async\" width=\"408\" height=\"612\" data-attachment-id=\"423\" data-permalink=\"https:\/\/www.lunaventura.com.ar\/?attachment_id=423\" data-orig-file=\"https:\/\/i0.wp.com\/www.lunaventura.com.ar\/wp-content\/uploads\/2021\/08\/Gabinete-Plataforma.jpg?fit=408%2C612&amp;ssl=1\" data-orig-size=\"408,612\" data-comments-opened=\"1\" data-image-meta=\"{&quot;aperture&quot;:&quot;0&quot;,&quot;credit&quot;:&quot;&quot;,&quot;camera&quot;:&quot;&quot;,&quot;caption&quot;:&quot;&quot;,&quot;created_timestamp&quot;:&quot;0&quot;,&quot;copyright&quot;:&quot;&quot;,&quot;focal_length&quot;:&quot;0&quot;,&quot;iso&quot;:&quot;0&quot;,&quot;shutter_speed&quot;:&quot;0&quot;,&quot;title&quot;:&quot;&quot;,&quot;orientation&quot;:&quot;1&quot;}\" data-image-title=\"Gabinete-Plataforma\" data-image-description=\"\" data-image-caption=\"\" data-medium-file=\"https:\/\/i0.wp.com\/www.lunaventura.com.ar\/wp-content\/uploads\/2021\/08\/Gabinete-Plataforma.jpg?fit=200%2C300&amp;ssl=1\" data-large-file=\"https:\/\/i0.wp.com\/www.lunaventura.com.ar\/wp-content\/uploads\/2021\/08\/Gabinete-Plataforma.jpg?fit=408%2C612&amp;ssl=1\" src=\"https:\/\/i0.wp.com\/www.lunaventura.com.ar\/wp-content\/uploads\/2021\/08\/Gabinete-Plataforma.jpg?resize=408%2C612\" alt=\"\" class=\"wp-image-423\" srcset=\"https:\/\/i0.wp.com\/www.lunaventura.com.ar\/wp-content\/uploads\/2021\/08\/Gabinete-Plataforma.jpg?w=408&amp;ssl=1 408w, https:\/\/i0.wp.com\/www.lunaventura.com.ar\/wp-content\/uploads\/2021\/08\/Gabinete-Plataforma.jpg?resize=200%2C300&amp;ssl=1 200w\" sizes=\"auto, (max-width: 408px) 100vw, 408px\" \/><\/figure>\n\n\n\n<p>Grabado de metales<br>Seminario intensivo<br>MODALIDAD VIRTUAL<\/p>\n\n\n\n<p>Textura y dibujo sobre cobre, bronce y alpaca con<br>Luna Ventura.<\/p>\n\n\n\n<p>S\u00e1bado 12,19 y 26 de marzo y 2 de abril a las 15hs<\/p>\n\n\n\n<p>Introducci\u00f3n a la t\u00e9cnica de excavar el metal, que permite realizar relieves tanto de texturas y dise\u00f1os con distintos niveles de profundidad en la l\u00e1mina de metal. Es una t\u00e9cnica complementaria para la joyer\u00eda y el esmaltado a fuego, o cualquier disciplina relacionada. Brinda posibilidades expresivas con un procedimiento simple y de f\u00e1cil acceso a los materiales.<br>NO SE NECESITA EXPERIENCIA PREVIA<\/p>\n","protected":false},"excerpt":{"rendered":"<p>2023 Grabado de metalesSeminario intensivoMODALIDAD VIRTUAL Textura y dibujo sobre cobre, bronce y alpaca conLuna Ventura. S\u00e1bado 12,19 y 26 de marzo y 2 de abril a las 15hs Introducci\u00f3n a la t\u00e9cnica de excavar el metal, que permite realizar relieves tanto de texturas y dise\u00f1os con distintos niveles de profundidad en la l\u00e1mina de [&hellip;]<\/p>\n","protected":false},"author":2,"featured_media":481,"parent":0,"menu_order":0,"comment_status":"closed","ping_status":"closed","template":"","meta":{"jetpack_post_was_ever_published":false,"footnotes":""},"class_list":["post-417","page","type-page","status-publish","has-post-thumbnail","hentry"],"jetpack_shortlink":"https:\/\/wp.me\/P4bMP7-6J","jetpack_sharing_enabled":true,"jetpack_likes_enabled":true,"_links":{"self":[{"href":"https:\/\/www.lunaventura.com.ar\/index.php?rest_route=\/wp\/v2\/pages\/417","targetHints":{"allow":["GET"]}}],"collection":[{"href":"https:\/\/www.lunaventura.com.ar\/index.php?rest_route=\/wp\/v2\/pages"}],"about":[{"href":"https:\/\/www.lunaventura.com.ar\/index.php?rest_route=\/wp\/v2\/types\/page"}],"author":[{"embeddable":true,"href":"https:\/\/www.lunaventura.com.ar\/index.php?rest_route=\/wp\/v2\/users\/2"}],"replies":[{"embeddable":true,"href":"https:\/\/www.lunaventura.com.ar\/index.php?rest_route=%2Fwp%2Fv2%2Fcomments&post=417"}],"version-history":[{"count":9,"href":"https:\/\/www.lunaventura.com.ar\/index.php?rest_route=\/wp\/v2\/pages\/417\/revisions"}],"predecessor-version":[{"id":972,"href":"https:\/\/www.lunaventura.com.ar\/index.php?rest_route=\/wp\/v2\/pages\/417\/revisions\/972"}],"wp:featuredmedia":[{"embeddable":true,"href":"https:\/\/www.lunaventura.com.ar\/index.php?rest_route=\/wp\/v2\/media\/481"}],"wp:attachment":[{"href":"https:\/\/www.lunaventura.com.ar\/index.php?rest_route=%2Fwp%2Fv2%2Fmedia&parent=417"}],"curies":[{"name":"wp","href":"https:\/\/api.w.org\/{rel}","templated":true}]}}