{"id":685,"date":"2023-06-02T18:46:57","date_gmt":"2023-06-02T18:46:57","guid":{"rendered":"https:\/\/www.lunaventura.com.ar\/?page_id=685"},"modified":"2024-06-28T17:19:33","modified_gmt":"2024-06-28T17:19:33","slug":"prensa-y-difusion","status":"publish","type":"page","link":"https:\/\/www.lunaventura.com.ar\/?page_id=685","title":{"rendered":"PRENSA Y DIFUSI\u00d3N &#8211; TEATRO"},"content":{"rendered":"\n<h2 class=\"wp-block-heading\">PRENSA <\/h2>\n\n\n\n<figure class=\"wp-block-image size-large\"><a href=\"https:\/\/i0.wp.com\/www.lunaventura.com.ar\/wp-content\/uploads\/2024\/06\/VARIETE-CACHENGUE-2.jpg\"><img data-recalc-dims=\"1\" loading=\"lazy\" decoding=\"async\" width=\"1024\" height=\"1024\" data-attachment-id=\"1082\" data-permalink=\"https:\/\/www.lunaventura.com.ar\/?attachment_id=1082\" data-orig-file=\"https:\/\/i0.wp.com\/www.lunaventura.com.ar\/wp-content\/uploads\/2024\/06\/VARIETE-CACHENGUE-2.jpg?fit=1080%2C1080&amp;ssl=1\" data-orig-size=\"1080,1080\" data-comments-opened=\"1\" data-image-meta=\"{&quot;aperture&quot;:&quot;0&quot;,&quot;credit&quot;:&quot;&quot;,&quot;camera&quot;:&quot;&quot;,&quot;caption&quot;:&quot;&quot;,&quot;created_timestamp&quot;:&quot;0&quot;,&quot;copyright&quot;:&quot;&quot;,&quot;focal_length&quot;:&quot;0&quot;,&quot;iso&quot;:&quot;0&quot;,&quot;shutter_speed&quot;:&quot;0&quot;,&quot;title&quot;:&quot;&quot;,&quot;orientation&quot;:&quot;0&quot;}\" data-image-title=\"VARIETE CACHENGUE 2\" data-image-description=\"\" data-image-caption=\"\" data-medium-file=\"https:\/\/i0.wp.com\/www.lunaventura.com.ar\/wp-content\/uploads\/2024\/06\/VARIETE-CACHENGUE-2.jpg?fit=300%2C300&amp;ssl=1\" data-large-file=\"https:\/\/i0.wp.com\/www.lunaventura.com.ar\/wp-content\/uploads\/2024\/06\/VARIETE-CACHENGUE-2.jpg?fit=1024%2C1024&amp;ssl=1\" src=\"https:\/\/i0.wp.com\/www.lunaventura.com.ar\/wp-content\/uploads\/2024\/06\/VARIETE-CACHENGUE-2.jpg?resize=1024%2C1024\" alt=\"\" class=\"wp-image-1082\" srcset=\"https:\/\/i0.wp.com\/www.lunaventura.com.ar\/wp-content\/uploads\/2024\/06\/VARIETE-CACHENGUE-2.jpg?resize=1024%2C1024&amp;ssl=1 1024w, https:\/\/i0.wp.com\/www.lunaventura.com.ar\/wp-content\/uploads\/2024\/06\/VARIETE-CACHENGUE-2.jpg?resize=300%2C300&amp;ssl=1 300w, https:\/\/i0.wp.com\/www.lunaventura.com.ar\/wp-content\/uploads\/2024\/06\/VARIETE-CACHENGUE-2.jpg?resize=150%2C150&amp;ssl=1 150w, https:\/\/i0.wp.com\/www.lunaventura.com.ar\/wp-content\/uploads\/2024\/06\/VARIETE-CACHENGUE-2.jpg?resize=768%2C768&amp;ssl=1 768w, https:\/\/i0.wp.com\/www.lunaventura.com.ar\/wp-content\/uploads\/2024\/06\/VARIETE-CACHENGUE-2.jpg?resize=184%2C184&amp;ssl=1 184w, https:\/\/i0.wp.com\/www.lunaventura.com.ar\/wp-content\/uploads\/2024\/06\/VARIETE-CACHENGUE-2.jpg?w=1080&amp;ssl=1 1080w\" sizes=\"auto, (max-width: 1000px) 100vw, 1000px\" \/><\/a><\/figure>\n\n\n\n<figure class=\"wp-block-image size-large is-resized\"><a href=\"https:\/\/i0.wp.com\/www.lunaventura.com.ar\/wp-content\/uploads\/2024\/06\/VARIETE-CACHENGUE-4.jpg\"><img data-recalc-dims=\"1\" loading=\"lazy\" decoding=\"async\" width=\"725\" height=\"1024\" data-attachment-id=\"1081\" data-permalink=\"https:\/\/www.lunaventura.com.ar\/?attachment_id=1081\" data-orig-file=\"https:\/\/i0.wp.com\/www.lunaventura.com.ar\/wp-content\/uploads\/2024\/06\/VARIETE-CACHENGUE-4.jpg?fit=1133%2C1600&amp;ssl=1\" data-orig-size=\"1133,1600\" data-comments-opened=\"1\" data-image-meta=\"{&quot;aperture&quot;:&quot;0&quot;,&quot;credit&quot;:&quot;&quot;,&quot;camera&quot;:&quot;&quot;,&quot;caption&quot;:&quot;&quot;,&quot;created_timestamp&quot;:&quot;0&quot;,&quot;copyright&quot;:&quot;&quot;,&quot;focal_length&quot;:&quot;0&quot;,&quot;iso&quot;:&quot;0&quot;,&quot;shutter_speed&quot;:&quot;0&quot;,&quot;title&quot;:&quot;&quot;,&quot;orientation&quot;:&quot;0&quot;}\" data-image-title=\"VARIETE CACHENGUE 4\" data-image-description=\"\" data-image-caption=\"\" data-medium-file=\"https:\/\/i0.wp.com\/www.lunaventura.com.ar\/wp-content\/uploads\/2024\/06\/VARIETE-CACHENGUE-4.jpg?fit=212%2C300&amp;ssl=1\" data-large-file=\"https:\/\/i0.wp.com\/www.lunaventura.com.ar\/wp-content\/uploads\/2024\/06\/VARIETE-CACHENGUE-4.jpg?fit=725%2C1024&amp;ssl=1\" src=\"https:\/\/i0.wp.com\/www.lunaventura.com.ar\/wp-content\/uploads\/2024\/06\/VARIETE-CACHENGUE-4.jpg?resize=725%2C1024\" alt=\"\" class=\"wp-image-1081\" style=\"width:396px;height:auto\" srcset=\"https:\/\/i0.wp.com\/www.lunaventura.com.ar\/wp-content\/uploads\/2024\/06\/VARIETE-CACHENGUE-4.jpg?resize=725%2C1024&amp;ssl=1 725w, https:\/\/i0.wp.com\/www.lunaventura.com.ar\/wp-content\/uploads\/2024\/06\/VARIETE-CACHENGUE-4.jpg?resize=212%2C300&amp;ssl=1 212w, https:\/\/i0.wp.com\/www.lunaventura.com.ar\/wp-content\/uploads\/2024\/06\/VARIETE-CACHENGUE-4.jpg?resize=768%2C1085&amp;ssl=1 768w, https:\/\/i0.wp.com\/www.lunaventura.com.ar\/wp-content\/uploads\/2024\/06\/VARIETE-CACHENGUE-4.jpg?resize=1088%2C1536&amp;ssl=1 1088w, https:\/\/i0.wp.com\/www.lunaventura.com.ar\/wp-content\/uploads\/2024\/06\/VARIETE-CACHENGUE-4.jpg?w=1133&amp;ssl=1 1133w\" sizes=\"auto, (max-width: 725px) 100vw, 725px\" \/><\/a><\/figure>\n\n\n\n<figure class=\"wp-block-image size-large is-resized\"><a href=\"https:\/\/i0.wp.com\/www.lunaventura.com.ar\/wp-content\/uploads\/2024\/06\/VARIETE-CACHENGUE.jpg\"><img data-recalc-dims=\"1\" loading=\"lazy\" decoding=\"async\" width=\"1024\" height=\"1024\" data-attachment-id=\"1083\" data-permalink=\"https:\/\/www.lunaventura.com.ar\/?attachment_id=1083\" data-orig-file=\"https:\/\/i0.wp.com\/www.lunaventura.com.ar\/wp-content\/uploads\/2024\/06\/VARIETE-CACHENGUE.jpg?fit=1080%2C1080&amp;ssl=1\" data-orig-size=\"1080,1080\" data-comments-opened=\"1\" data-image-meta=\"{&quot;aperture&quot;:&quot;0&quot;,&quot;credit&quot;:&quot;&quot;,&quot;camera&quot;:&quot;&quot;,&quot;caption&quot;:&quot;&quot;,&quot;created_timestamp&quot;:&quot;0&quot;,&quot;copyright&quot;:&quot;&quot;,&quot;focal_length&quot;:&quot;0&quot;,&quot;iso&quot;:&quot;0&quot;,&quot;shutter_speed&quot;:&quot;0&quot;,&quot;title&quot;:&quot;&quot;,&quot;orientation&quot;:&quot;0&quot;}\" data-image-title=\"VARIETE CACHENGUE\" data-image-description=\"\" data-image-caption=\"\" data-medium-file=\"https:\/\/i0.wp.com\/www.lunaventura.com.ar\/wp-content\/uploads\/2024\/06\/VARIETE-CACHENGUE.jpg?fit=300%2C300&amp;ssl=1\" data-large-file=\"https:\/\/i0.wp.com\/www.lunaventura.com.ar\/wp-content\/uploads\/2024\/06\/VARIETE-CACHENGUE.jpg?fit=1024%2C1024&amp;ssl=1\" src=\"https:\/\/i0.wp.com\/www.lunaventura.com.ar\/wp-content\/uploads\/2024\/06\/VARIETE-CACHENGUE.jpg?resize=1024%2C1024\" alt=\"\" class=\"wp-image-1083\" style=\"width:439px;height:auto\" srcset=\"https:\/\/i0.wp.com\/www.lunaventura.com.ar\/wp-content\/uploads\/2024\/06\/VARIETE-CACHENGUE.jpg?resize=1024%2C1024&amp;ssl=1 1024w, https:\/\/i0.wp.com\/www.lunaventura.com.ar\/wp-content\/uploads\/2024\/06\/VARIETE-CACHENGUE.jpg?resize=300%2C300&amp;ssl=1 300w, https:\/\/i0.wp.com\/www.lunaventura.com.ar\/wp-content\/uploads\/2024\/06\/VARIETE-CACHENGUE.jpg?resize=150%2C150&amp;ssl=1 150w, https:\/\/i0.wp.com\/www.lunaventura.com.ar\/wp-content\/uploads\/2024\/06\/VARIETE-CACHENGUE.jpg?resize=768%2C768&amp;ssl=1 768w, https:\/\/i0.wp.com\/www.lunaventura.com.ar\/wp-content\/uploads\/2024\/06\/VARIETE-CACHENGUE.jpg?resize=184%2C184&amp;ssl=1 184w, https:\/\/i0.wp.com\/www.lunaventura.com.ar\/wp-content\/uploads\/2024\/06\/VARIETE-CACHENGUE.jpg?w=1080&amp;ssl=1 1080w\" sizes=\"auto, (max-width: 1000px) 100vw, 1000px\" \/><\/a><\/figure>\n\n\n\n<h2 class=\"wp-block-heading\"><strong><mark style=\"background-color:rgba(0, 0, 0, 0)\" class=\"has-inline-color has-vivid-red-color\">Nota para&nbsp; la Televisi\u00f3n P\u00fablica de Trenque Lauquen,<\/mark><\/strong><\/h2>\n\n\n\n<h2 class=\"wp-block-heading\"><strong> Canal 12.&nbsp; Mayo 2023<\/strong><\/h2>\n\n\n\n<figure class=\"wp-block-image size-large\"><a href=\"https:\/\/www.youtube.com\/watch?v=Be54ji7d-Ko\" target=\"_blank\" rel=\"noreferrer noopener\"><img data-recalc-dims=\"1\" loading=\"lazy\" decoding=\"async\" width=\"1024\" height=\"512\" data-attachment-id=\"689\" data-permalink=\"https:\/\/www.lunaventura.com.ar\/?attachment_id=689\" data-orig-file=\"https:\/\/i0.wp.com\/www.lunaventura.com.ar\/wp-content\/uploads\/2023\/06\/WhatsApp-Image-2023-06-02-at-15.43.32.jpeg?fit=1080%2C540&amp;ssl=1\" data-orig-size=\"1080,540\" data-comments-opened=\"1\" data-image-meta=\"{&quot;aperture&quot;:&quot;0&quot;,&quot;credit&quot;:&quot;&quot;,&quot;camera&quot;:&quot;&quot;,&quot;caption&quot;:&quot;&quot;,&quot;created_timestamp&quot;:&quot;0&quot;,&quot;copyright&quot;:&quot;&quot;,&quot;focal_length&quot;:&quot;0&quot;,&quot;iso&quot;:&quot;0&quot;,&quot;shutter_speed&quot;:&quot;0&quot;,&quot;title&quot;:&quot;&quot;,&quot;orientation&quot;:&quot;0&quot;}\" data-image-title=\"WhatsApp-Image-2023-06-02-at-15.43.32\" data-image-description=\"\" data-image-caption=\"\" data-medium-file=\"https:\/\/i0.wp.com\/www.lunaventura.com.ar\/wp-content\/uploads\/2023\/06\/WhatsApp-Image-2023-06-02-at-15.43.32.jpeg?fit=300%2C150&amp;ssl=1\" data-large-file=\"https:\/\/i0.wp.com\/www.lunaventura.com.ar\/wp-content\/uploads\/2023\/06\/WhatsApp-Image-2023-06-02-at-15.43.32.jpeg?fit=1024%2C512&amp;ssl=1\" src=\"https:\/\/i0.wp.com\/www.lunaventura.com.ar\/wp-content\/uploads\/2023\/06\/WhatsApp-Image-2023-06-02-at-15.43.32-1024x512.jpeg?resize=1024%2C512&#038;ssl=1\" alt=\"\" class=\"wp-image-689\" srcset=\"https:\/\/i0.wp.com\/www.lunaventura.com.ar\/wp-content\/uploads\/2023\/06\/WhatsApp-Image-2023-06-02-at-15.43.32.jpeg?resize=1024%2C512&amp;ssl=1 1024w, https:\/\/i0.wp.com\/www.lunaventura.com.ar\/wp-content\/uploads\/2023\/06\/WhatsApp-Image-2023-06-02-at-15.43.32.jpeg?resize=300%2C150&amp;ssl=1 300w, https:\/\/i0.wp.com\/www.lunaventura.com.ar\/wp-content\/uploads\/2023\/06\/WhatsApp-Image-2023-06-02-at-15.43.32.jpeg?resize=768%2C384&amp;ssl=1 768w, https:\/\/i0.wp.com\/www.lunaventura.com.ar\/wp-content\/uploads\/2023\/06\/WhatsApp-Image-2023-06-02-at-15.43.32.jpeg?w=1080&amp;ssl=1 1080w\" sizes=\"auto, (max-width: 1000px) 100vw, 1000px\" \/><\/a><\/figure>\n\n\n\n<p><strong>Nota para&nbsp; la Televisi\u00f3n P\u00fablica de Trenque Lauquen, Canal 12.&nbsp; Mayo 2023<\/strong><\/p>\n\n\n\n<p><\/p>\n\n\n<div class=\"wp-block-image\">\n<figure class=\"aligncenter size-large is-resized\"><a href=\"https:\/\/i0.wp.com\/www.lunaventura.com.ar\/wp-content\/uploads\/2023\/06\/Funcion-21-MayoTRENQUELAUQUEN-TEATRO-DE-TITERES-DE-OBJETOS.jpg\"><img data-recalc-dims=\"1\" loading=\"lazy\" decoding=\"async\" width=\"724\" height=\"1024\" data-attachment-id=\"687\" data-permalink=\"https:\/\/www.lunaventura.com.ar\/?attachment_id=687\" data-orig-file=\"https:\/\/i0.wp.com\/www.lunaventura.com.ar\/wp-content\/uploads\/2023\/06\/Funcion-21-MayoTRENQUELAUQUEN-TEATRO-DE-TITERES-DE-OBJETOS.jpg?fit=1591%2C2250&amp;ssl=1\" data-orig-size=\"1591,2250\" data-comments-opened=\"1\" data-image-meta=\"{&quot;aperture&quot;:&quot;0&quot;,&quot;credit&quot;:&quot;&quot;,&quot;camera&quot;:&quot;&quot;,&quot;caption&quot;:&quot;&quot;,&quot;created_timestamp&quot;:&quot;0&quot;,&quot;copyright&quot;:&quot;&quot;,&quot;focal_length&quot;:&quot;0&quot;,&quot;iso&quot;:&quot;0&quot;,&quot;shutter_speed&quot;:&quot;0&quot;,&quot;title&quot;:&quot;&quot;,&quot;orientation&quot;:&quot;1&quot;}\" data-image-title=\"Funcion 21 MayoTRENQUELAUQUEN TEATRO DE T\u00cdTERES DE OBJETOS\" data-image-description=\"\" data-image-caption=\"\" data-medium-file=\"https:\/\/i0.wp.com\/www.lunaventura.com.ar\/wp-content\/uploads\/2023\/06\/Funcion-21-MayoTRENQUELAUQUEN-TEATRO-DE-TITERES-DE-OBJETOS.jpg?fit=212%2C300&amp;ssl=1\" data-large-file=\"https:\/\/i0.wp.com\/www.lunaventura.com.ar\/wp-content\/uploads\/2023\/06\/Funcion-21-MayoTRENQUELAUQUEN-TEATRO-DE-TITERES-DE-OBJETOS.jpg?fit=724%2C1024&amp;ssl=1\" src=\"https:\/\/i0.wp.com\/www.lunaventura.com.ar\/wp-content\/uploads\/2023\/06\/Funcion-21-MayoTRENQUELAUQUEN-TEATRO-DE-TITERES-DE-OBJETOS.jpg?resize=724%2C1024\" alt=\"\" class=\"wp-image-687\" style=\"width:420px;height:593px\" srcset=\"https:\/\/i0.wp.com\/www.lunaventura.com.ar\/wp-content\/uploads\/2023\/06\/Funcion-21-MayoTRENQUELAUQUEN-TEATRO-DE-TITERES-DE-OBJETOS.jpg?resize=724%2C1024&amp;ssl=1 724w, https:\/\/i0.wp.com\/www.lunaventura.com.ar\/wp-content\/uploads\/2023\/06\/Funcion-21-MayoTRENQUELAUQUEN-TEATRO-DE-TITERES-DE-OBJETOS.jpg?resize=212%2C300&amp;ssl=1 212w, https:\/\/i0.wp.com\/www.lunaventura.com.ar\/wp-content\/uploads\/2023\/06\/Funcion-21-MayoTRENQUELAUQUEN-TEATRO-DE-TITERES-DE-OBJETOS.jpg?resize=768%2C1086&amp;ssl=1 768w, https:\/\/i0.wp.com\/www.lunaventura.com.ar\/wp-content\/uploads\/2023\/06\/Funcion-21-MayoTRENQUELAUQUEN-TEATRO-DE-TITERES-DE-OBJETOS.jpg?resize=1086%2C1536&amp;ssl=1 1086w, https:\/\/i0.wp.com\/www.lunaventura.com.ar\/wp-content\/uploads\/2023\/06\/Funcion-21-MayoTRENQUELAUQUEN-TEATRO-DE-TITERES-DE-OBJETOS.jpg?resize=1448%2C2048&amp;ssl=1 1448w, https:\/\/i0.wp.com\/www.lunaventura.com.ar\/wp-content\/uploads\/2023\/06\/Funcion-21-MayoTRENQUELAUQUEN-TEATRO-DE-TITERES-DE-OBJETOS.jpg?w=1591&amp;ssl=1 1591w\" sizes=\"auto, (max-width: 724px) 100vw, 724px\" \/><\/a><\/figure>\n<\/div>\n\n\n<p>Mirka en Gira por Provincia de Buenos Aires. Tres funciones en Trenque Lauquen<\/p>\n\n\n\n<p><\/p>\n\n\n<div class=\"wp-block-image\">\n<figure class=\"alignright size-large is-resized\"><a href=\"https:\/\/i0.wp.com\/www.lunaventura.com.ar\/wp-content\/uploads\/2023\/06\/Taller-intensivo-22-Mayo.-Trenque-Lauquen.jpg\"><img data-recalc-dims=\"1\" loading=\"lazy\" decoding=\"async\" width=\"724\" height=\"1024\" data-attachment-id=\"686\" data-permalink=\"https:\/\/www.lunaventura.com.ar\/?attachment_id=686\" data-orig-file=\"https:\/\/i0.wp.com\/www.lunaventura.com.ar\/wp-content\/uploads\/2023\/06\/Taller-intensivo-22-Mayo.-Trenque-Lauquen.jpg?fit=1414%2C2000&amp;ssl=1\" data-orig-size=\"1414,2000\" data-comments-opened=\"1\" data-image-meta=\"{&quot;aperture&quot;:&quot;0&quot;,&quot;credit&quot;:&quot;&quot;,&quot;camera&quot;:&quot;&quot;,&quot;caption&quot;:&quot;&quot;,&quot;created_timestamp&quot;:&quot;0&quot;,&quot;copyright&quot;:&quot;&quot;,&quot;focal_length&quot;:&quot;0&quot;,&quot;iso&quot;:&quot;0&quot;,&quot;shutter_speed&quot;:&quot;0&quot;,&quot;title&quot;:&quot;&quot;,&quot;orientation&quot;:&quot;1&quot;}\" data-image-title=\"Taller intensivo 22 Mayo. Trenque Lauquen\" data-image-description=\"\" data-image-caption=\"\" data-medium-file=\"https:\/\/i0.wp.com\/www.lunaventura.com.ar\/wp-content\/uploads\/2023\/06\/Taller-intensivo-22-Mayo.-Trenque-Lauquen.jpg?fit=212%2C300&amp;ssl=1\" data-large-file=\"https:\/\/i0.wp.com\/www.lunaventura.com.ar\/wp-content\/uploads\/2023\/06\/Taller-intensivo-22-Mayo.-Trenque-Lauquen.jpg?fit=724%2C1024&amp;ssl=1\" src=\"https:\/\/i0.wp.com\/www.lunaventura.com.ar\/wp-content\/uploads\/2023\/06\/Taller-intensivo-22-Mayo.-Trenque-Lauquen.jpg?resize=724%2C1024\" alt=\"\" class=\"wp-image-686\" style=\"width:375px;height:530px\" srcset=\"https:\/\/i0.wp.com\/www.lunaventura.com.ar\/wp-content\/uploads\/2023\/06\/Taller-intensivo-22-Mayo.-Trenque-Lauquen.jpg?resize=724%2C1024&amp;ssl=1 724w, https:\/\/i0.wp.com\/www.lunaventura.com.ar\/wp-content\/uploads\/2023\/06\/Taller-intensivo-22-Mayo.-Trenque-Lauquen.jpg?resize=212%2C300&amp;ssl=1 212w, https:\/\/i0.wp.com\/www.lunaventura.com.ar\/wp-content\/uploads\/2023\/06\/Taller-intensivo-22-Mayo.-Trenque-Lauquen.jpg?resize=768%2C1086&amp;ssl=1 768w, https:\/\/i0.wp.com\/www.lunaventura.com.ar\/wp-content\/uploads\/2023\/06\/Taller-intensivo-22-Mayo.-Trenque-Lauquen.jpg?resize=1086%2C1536&amp;ssl=1 1086w, https:\/\/i0.wp.com\/www.lunaventura.com.ar\/wp-content\/uploads\/2023\/06\/Taller-intensivo-22-Mayo.-Trenque-Lauquen.jpg?w=1414&amp;ssl=1 1414w\" sizes=\"auto, (max-width: 724px) 100vw, 724px\" \/><\/a><\/figure>\n<\/div>\n\n\n<p><\/p>\n\n\n\n<p><\/p>\n\n\n\n<p><\/p>\n\n\n\n<p><\/p>\n\n\n\n<p><strong><mark style=\"background-color:rgba(0, 0, 0, 0)\" class=\"has-inline-color has-vivid-red-color\">TALLER INTENSIVO DE TEATRO DE OBJETOS <\/mark><\/strong><\/p>\n\n\n\n<p>En el marco de la gira por Trenque Lauquen se brind\u00f3 un taller para adultos y j\u00f3venes de modalidad presencial e intensiva. Con la participaci\u00f3n de la comunidad, de docentes y artistas <\/p>\n\n\n\n<figure class=\"wp-block-image size-large is-resized\"><a href=\"https:\/\/i0.wp.com\/www.lunaventura.com.ar\/wp-content\/uploads\/2023\/06\/WhatsApp-Image-2023-05-04-at-15.48.14.jpeg\"><img data-recalc-dims=\"1\" loading=\"lazy\" decoding=\"async\" width=\"819\" height=\"1024\" data-attachment-id=\"688\" data-permalink=\"https:\/\/www.lunaventura.com.ar\/?attachment_id=688\" data-orig-file=\"https:\/\/i0.wp.com\/www.lunaventura.com.ar\/wp-content\/uploads\/2023\/06\/WhatsApp-Image-2023-05-04-at-15.48.14.jpeg?fit=864%2C1080&amp;ssl=1\" data-orig-size=\"864,1080\" data-comments-opened=\"1\" data-image-meta=\"{&quot;aperture&quot;:&quot;0&quot;,&quot;credit&quot;:&quot;&quot;,&quot;camera&quot;:&quot;&quot;,&quot;caption&quot;:&quot;&quot;,&quot;created_timestamp&quot;:&quot;0&quot;,&quot;copyright&quot;:&quot;&quot;,&quot;focal_length&quot;:&quot;0&quot;,&quot;iso&quot;:&quot;0&quot;,&quot;shutter_speed&quot;:&quot;0&quot;,&quot;title&quot;:&quot;&quot;,&quot;orientation&quot;:&quot;0&quot;}\" data-image-title=\"WhatsApp Image 2023-05-04 at 15.48.14\" data-image-description=\"\" data-image-caption=\"\" data-medium-file=\"https:\/\/i0.wp.com\/www.lunaventura.com.ar\/wp-content\/uploads\/2023\/06\/WhatsApp-Image-2023-05-04-at-15.48.14.jpeg?fit=240%2C300&amp;ssl=1\" data-large-file=\"https:\/\/i0.wp.com\/www.lunaventura.com.ar\/wp-content\/uploads\/2023\/06\/WhatsApp-Image-2023-05-04-at-15.48.14.jpeg?fit=819%2C1024&amp;ssl=1\" src=\"https:\/\/i0.wp.com\/www.lunaventura.com.ar\/wp-content\/uploads\/2023\/06\/WhatsApp-Image-2023-05-04-at-15.48.14.jpeg?resize=819%2C1024\" alt=\"\" class=\"wp-image-688\" style=\"width:465px;height:582px\" srcset=\"https:\/\/i0.wp.com\/www.lunaventura.com.ar\/wp-content\/uploads\/2023\/06\/WhatsApp-Image-2023-05-04-at-15.48.14.jpeg?resize=819%2C1024&amp;ssl=1 819w, https:\/\/i0.wp.com\/www.lunaventura.com.ar\/wp-content\/uploads\/2023\/06\/WhatsApp-Image-2023-05-04-at-15.48.14.jpeg?resize=240%2C300&amp;ssl=1 240w, https:\/\/i0.wp.com\/www.lunaventura.com.ar\/wp-content\/uploads\/2023\/06\/WhatsApp-Image-2023-05-04-at-15.48.14.jpeg?resize=768%2C960&amp;ssl=1 768w, https:\/\/i0.wp.com\/www.lunaventura.com.ar\/wp-content\/uploads\/2023\/06\/WhatsApp-Image-2023-05-04-at-15.48.14.jpeg?w=864&amp;ssl=1 864w\" sizes=\"auto, (max-width: 819px) 100vw, 819px\" \/><\/a><\/figure>\n\n\n\n<p><\/p>\n\n\n<div class=\"wp-block-image\">\n<figure class=\"aligncenter size-large is-resized\"><a href=\"https:\/\/i0.wp.com\/www.lunaventura.com.ar\/wp-content\/uploads\/2023\/06\/IMG-20230124-WA0024.jpg?ssl=1\"><img data-recalc-dims=\"1\" loading=\"lazy\" decoding=\"async\" width=\"723\" height=\"1024\" data-attachment-id=\"694\" data-permalink=\"https:\/\/www.lunaventura.com.ar\/?attachment_id=694\" data-orig-file=\"https:\/\/i0.wp.com\/www.lunaventura.com.ar\/wp-content\/uploads\/2023\/06\/IMG-20230124-WA0024.jpg?fit=904%2C1280&amp;ssl=1\" data-orig-size=\"904,1280\" data-comments-opened=\"1\" data-image-meta=\"{&quot;aperture&quot;:&quot;0&quot;,&quot;credit&quot;:&quot;&quot;,&quot;camera&quot;:&quot;&quot;,&quot;caption&quot;:&quot;&quot;,&quot;created_timestamp&quot;:&quot;0&quot;,&quot;copyright&quot;:&quot;&quot;,&quot;focal_length&quot;:&quot;0&quot;,&quot;iso&quot;:&quot;0&quot;,&quot;shutter_speed&quot;:&quot;0&quot;,&quot;title&quot;:&quot;&quot;,&quot;orientation&quot;:&quot;0&quot;}\" data-image-title=\"IMG-20230124-WA0024\" data-image-description=\"\" data-image-caption=\"\" data-medium-file=\"https:\/\/i0.wp.com\/www.lunaventura.com.ar\/wp-content\/uploads\/2023\/06\/IMG-20230124-WA0024.jpg?fit=212%2C300&amp;ssl=1\" data-large-file=\"https:\/\/i0.wp.com\/www.lunaventura.com.ar\/wp-content\/uploads\/2023\/06\/IMG-20230124-WA0024.jpg?fit=723%2C1024&amp;ssl=1\" src=\"https:\/\/i0.wp.com\/www.lunaventura.com.ar\/wp-content\/uploads\/2023\/06\/IMG-20230124-WA0024-723x1024.jpg?resize=723%2C1024&#038;ssl=1\" alt=\"\" class=\"wp-image-694\" style=\"width:315px;height:445px\" srcset=\"https:\/\/i0.wp.com\/www.lunaventura.com.ar\/wp-content\/uploads\/2023\/06\/IMG-20230124-WA0024.jpg?resize=723%2C1024&amp;ssl=1 723w, https:\/\/i0.wp.com\/www.lunaventura.com.ar\/wp-content\/uploads\/2023\/06\/IMG-20230124-WA0024.jpg?resize=212%2C300&amp;ssl=1 212w, https:\/\/i0.wp.com\/www.lunaventura.com.ar\/wp-content\/uploads\/2023\/06\/IMG-20230124-WA0024.jpg?resize=768%2C1087&amp;ssl=1 768w, https:\/\/i0.wp.com\/www.lunaventura.com.ar\/wp-content\/uploads\/2023\/06\/IMG-20230124-WA0024.jpg?w=904&amp;ssl=1 904w\" sizes=\"auto, (max-width: 723px) 100vw, 723px\" \/><\/a><\/figure>\n<\/div>\n\n<div class=\"wp-block-image\">\n<figure class=\"aligncenter size-large is-resized\"><a href=\"https:\/\/www.quehay.com.ar\/eventos\/festivales-y-otros\/mirka-en-el-tiempo-del-reves\"><img data-recalc-dims=\"1\" loading=\"lazy\" decoding=\"async\" width=\"731\" height=\"1024\" data-attachment-id=\"695\" data-permalink=\"https:\/\/www.lunaventura.com.ar\/?attachment_id=695\" data-orig-file=\"https:\/\/i0.wp.com\/www.lunaventura.com.ar\/wp-content\/uploads\/2023\/06\/IMG-20230124-WA0021.jpg?fit=1142%2C1600&amp;ssl=1\" data-orig-size=\"1142,1600\" data-comments-opened=\"1\" data-image-meta=\"{&quot;aperture&quot;:&quot;0&quot;,&quot;credit&quot;:&quot;&quot;,&quot;camera&quot;:&quot;&quot;,&quot;caption&quot;:&quot;&quot;,&quot;created_timestamp&quot;:&quot;0&quot;,&quot;copyright&quot;:&quot;&quot;,&quot;focal_length&quot;:&quot;0&quot;,&quot;iso&quot;:&quot;0&quot;,&quot;shutter_speed&quot;:&quot;0&quot;,&quot;title&quot;:&quot;&quot;,&quot;orientation&quot;:&quot;0&quot;}\" data-image-title=\"IMG-20230124-WA0021\" data-image-description=\"\" data-image-caption=\"\" data-medium-file=\"https:\/\/i0.wp.com\/www.lunaventura.com.ar\/wp-content\/uploads\/2023\/06\/IMG-20230124-WA0021.jpg?fit=214%2C300&amp;ssl=1\" data-large-file=\"https:\/\/i0.wp.com\/www.lunaventura.com.ar\/wp-content\/uploads\/2023\/06\/IMG-20230124-WA0021.jpg?fit=731%2C1024&amp;ssl=1\" src=\"https:\/\/i0.wp.com\/www.lunaventura.com.ar\/wp-content\/uploads\/2023\/06\/IMG-20230124-WA0021-731x1024.jpg?resize=731%2C1024&#038;ssl=1\" alt=\"\" class=\"wp-image-695\" style=\"width:326px;height:457px\" srcset=\"https:\/\/i0.wp.com\/www.lunaventura.com.ar\/wp-content\/uploads\/2023\/06\/IMG-20230124-WA0021.jpg?resize=731%2C1024&amp;ssl=1 731w, https:\/\/i0.wp.com\/www.lunaventura.com.ar\/wp-content\/uploads\/2023\/06\/IMG-20230124-WA0021.jpg?resize=214%2C300&amp;ssl=1 214w, https:\/\/i0.wp.com\/www.lunaventura.com.ar\/wp-content\/uploads\/2023\/06\/IMG-20230124-WA0021.jpg?resize=768%2C1076&amp;ssl=1 768w, https:\/\/i0.wp.com\/www.lunaventura.com.ar\/wp-content\/uploads\/2023\/06\/IMG-20230124-WA0021.jpg?resize=1096%2C1536&amp;ssl=1 1096w, https:\/\/i0.wp.com\/www.lunaventura.com.ar\/wp-content\/uploads\/2023\/06\/IMG-20230124-WA0021.jpg?w=1142&amp;ssl=1 1142w\" sizes=\"auto, (max-width: 731px) 100vw, 731px\" \/><\/a><\/figure>\n<\/div>\n\n<div class=\"wp-block-image\">\n<figure class=\"aligncenter size-large is-resized\"><a href=\"https:\/\/i0.wp.com\/www.lunaventura.com.ar\/wp-content\/uploads\/2023\/06\/IMG-20230124-WA0022.jpg?ssl=1\"><img data-recalc-dims=\"1\" loading=\"lazy\" decoding=\"async\" width=\"731\" height=\"1024\" data-attachment-id=\"696\" data-permalink=\"https:\/\/www.lunaventura.com.ar\/?attachment_id=696\" data-orig-file=\"https:\/\/i0.wp.com\/www.lunaventura.com.ar\/wp-content\/uploads\/2023\/06\/IMG-20230124-WA0022.jpg?fit=1142%2C1600&amp;ssl=1\" data-orig-size=\"1142,1600\" data-comments-opened=\"1\" data-image-meta=\"{&quot;aperture&quot;:&quot;0&quot;,&quot;credit&quot;:&quot;&quot;,&quot;camera&quot;:&quot;&quot;,&quot;caption&quot;:&quot;&quot;,&quot;created_timestamp&quot;:&quot;0&quot;,&quot;copyright&quot;:&quot;&quot;,&quot;focal_length&quot;:&quot;0&quot;,&quot;iso&quot;:&quot;0&quot;,&quot;shutter_speed&quot;:&quot;0&quot;,&quot;title&quot;:&quot;&quot;,&quot;orientation&quot;:&quot;0&quot;}\" data-image-title=\"IMG-20230124-WA0022\" data-image-description=\"\" data-image-caption=\"\" data-medium-file=\"https:\/\/i0.wp.com\/www.lunaventura.com.ar\/wp-content\/uploads\/2023\/06\/IMG-20230124-WA0022.jpg?fit=214%2C300&amp;ssl=1\" data-large-file=\"https:\/\/i0.wp.com\/www.lunaventura.com.ar\/wp-content\/uploads\/2023\/06\/IMG-20230124-WA0022.jpg?fit=731%2C1024&amp;ssl=1\" src=\"https:\/\/i0.wp.com\/www.lunaventura.com.ar\/wp-content\/uploads\/2023\/06\/IMG-20230124-WA0022-731x1024.jpg?resize=731%2C1024&#038;ssl=1\" alt=\"\" class=\"wp-image-696\" style=\"width:618px;height:865px\" srcset=\"https:\/\/i0.wp.com\/www.lunaventura.com.ar\/wp-content\/uploads\/2023\/06\/IMG-20230124-WA0022.jpg?resize=731%2C1024&amp;ssl=1 731w, https:\/\/i0.wp.com\/www.lunaventura.com.ar\/wp-content\/uploads\/2023\/06\/IMG-20230124-WA0022.jpg?resize=214%2C300&amp;ssl=1 214w, https:\/\/i0.wp.com\/www.lunaventura.com.ar\/wp-content\/uploads\/2023\/06\/IMG-20230124-WA0022.jpg?resize=768%2C1076&amp;ssl=1 768w, https:\/\/i0.wp.com\/www.lunaventura.com.ar\/wp-content\/uploads\/2023\/06\/IMG-20230124-WA0022.jpg?resize=1096%2C1536&amp;ssl=1 1096w, https:\/\/i0.wp.com\/www.lunaventura.com.ar\/wp-content\/uploads\/2023\/06\/IMG-20230124-WA0022.jpg?w=1142&amp;ssl=1 1142w\" sizes=\"auto, (max-width: 731px) 100vw, 731px\" \/><\/a><\/figure>\n<\/div>\n\n\n<p><\/p>\n\n\n\n<p><\/p>\n\n\n\n<p><\/p>\n","protected":false},"excerpt":{"rendered":"<p>PRENSA Nota para&nbsp; la Televisi\u00f3n P\u00fablica de Trenque Lauquen, Canal 12.&nbsp; Mayo 2023 Nota para&nbsp; la Televisi\u00f3n P\u00fablica de Trenque Lauquen, Canal 12.&nbsp; Mayo 2023 Mirka en Gira por Provincia de Buenos Aires. Tres funciones en Trenque Lauquen TALLER INTENSIVO DE TEATRO DE OBJETOS En el marco de la gira por Trenque Lauquen se brind\u00f3 [&hellip;]<\/p>\n","protected":false},"author":2,"featured_media":0,"parent":0,"menu_order":0,"comment_status":"closed","ping_status":"closed","template":"","meta":{"jetpack_post_was_ever_published":false,"footnotes":""},"class_list":["post-685","page","type-page","status-publish","hentry"],"jetpack_shortlink":"https:\/\/wp.me\/P4bMP7-b3","jetpack_sharing_enabled":true,"jetpack_likes_enabled":true,"_links":{"self":[{"href":"https:\/\/www.lunaventura.com.ar\/index.php?rest_route=\/wp\/v2\/pages\/685","targetHints":{"allow":["GET"]}}],"collection":[{"href":"https:\/\/www.lunaventura.com.ar\/index.php?rest_route=\/wp\/v2\/pages"}],"about":[{"href":"https:\/\/www.lunaventura.com.ar\/index.php?rest_route=\/wp\/v2\/types\/page"}],"author":[{"embeddable":true,"href":"https:\/\/www.lunaventura.com.ar\/index.php?rest_route=\/wp\/v2\/users\/2"}],"replies":[{"embeddable":true,"href":"https:\/\/www.lunaventura.com.ar\/index.php?rest_route=%2Fwp%2Fv2%2Fcomments&post=685"}],"version-history":[{"count":9,"href":"https:\/\/www.lunaventura.com.ar\/index.php?rest_route=\/wp\/v2\/pages\/685\/revisions"}],"predecessor-version":[{"id":1084,"href":"https:\/\/www.lunaventura.com.ar\/index.php?rest_route=\/wp\/v2\/pages\/685\/revisions\/1084"}],"wp:attachment":[{"href":"https:\/\/www.lunaventura.com.ar\/index.php?rest_route=%2Fwp%2Fv2%2Fmedia&parent=685"}],"curies":[{"name":"wp","href":"https:\/\/api.w.org\/{rel}","templated":true}]}}